{"id":13986,"date":"2024-01-09T11:03:04","date_gmt":"2024-01-09T11:03:04","guid":{"rendered":"https:\/\/elmdokum.com.tr\/contact\/"},"modified":"2026-01-14T16:58:26","modified_gmt":"2026-01-14T16:58:26","slug":"iletisim","status":"publish","type":"page","link":"https:\/\/elmdokum.com.tr\/en\/iletisim\/","title":{"rendered":"Contact"},"content":{"rendered":"\t\t<div data-elementor-type=\"wp-page\" data-elementor-id=\"13986\" class=\"elementor elementor-13986\" data-elementor-post-type=\"page\">\n\t\t\t\t<div class=\"elementor-element elementor-element-ff0f06f e-con-full e-flex e-con e-parent\" data-id=\"ff0f06f\" data-element_type=\"container\" data-e-type=\"container\">\n\t\t<div class=\"elementor-element elementor-element-4a80ff7 e-flex e-con-boxed e-con e-child\" data-id=\"4a80ff7\" data-element_type=\"container\" data-e-type=\"container\">\n\t\t\t\t\t<div class=\"e-con-inner\">\n\t\t<div class=\"elementor-element elementor-element-17bcd51 e-con-full e-flex e-con e-child\" data-id=\"17bcd51\" data-element_type=\"container\" data-e-type=\"container\">\n\t\t<div class=\"elementor-element elementor-element-4ac0200 e-con-full e-flex e-con e-child\" data-id=\"4ac0200\" data-element_type=\"container\" data-e-type=\"container\">\n\t\t\t\t<div class=\"elementor-element elementor-element-e768bcd elementor-widget elementor-widget-the7-heading\" data-id=\"e768bcd\" data-element_type=\"widget\" data-e-type=\"widget\" data-widget_type=\"the7-heading.default\">\n\t\t\t\t<div class=\"elementor-widget-container\">\n\t\t\t\t\t<h2 class=\"the7-heading-title elementor-size-default\">\u0130leti\u015fim<\/h2>\t\t\t\t<\/div>\n\t\t\t\t<\/div>\n\t\t\t\t<div class=\"elementor-element elementor-element-b293ec6 elementor-widget-tablet__width-inherit elementor-widget elementor-widget-text-editor\" data-id=\"b293ec6\" data-element_type=\"widget\" data-e-type=\"widget\" data-widget_type=\"text-editor.default\">\n\t\t\t\t\t\t\t\t\t<p class=\"p1\"><b>Do\u011fru \u00c7\u00f6z\u00fcm \u0130\u00e7in Do\u011fru \u0130leti\u015fim<\/b><\/p>\t\t\t\t\t\t\t\t<\/div>\n\t\t\t\t<div class=\"elementor-element elementor-element-22a722c elementor-widget-tablet__width-inherit elementor-widget elementor-widget-text-editor\" data-id=\"22a722c\" data-element_type=\"widget\" data-e-type=\"widget\" data-widget_type=\"text-editor.default\">\n\t\t\t\t\t\t\t\t\t<p class=\"p1\">\u00dcr\u00fcnlerimiz, projelerimiz veya i\u015f birli\u011fi taleplerinizle ilgili t\u00fcm sorular\u0131n\u0131z i\u00e7in bizimle ileti\u015fime ge\u00e7ebilirsiniz. ELM D\u00f6k\u00fcm Makinalar\u0131 olarak, ihtiya\u00e7lar\u0131n\u0131za en uygun \u00e7\u00f6z\u00fcmleri birlikte de\u011ferlendirmekten memnuniyet duyar\u0131z.<\/p>\t\t\t\t\t\t\t\t<\/div>\n\t\t\t\t<\/div>\n\t\t<div class=\"elementor-element elementor-element-fe27a27 e-con-full e-flex e-con e-child\" data-id=\"fe27a27\" data-element_type=\"container\" data-e-type=\"container\">\n\t\t\t\t<div class=\"elementor-element elementor-element-ab06110 elementor-widget elementor-widget-the7-heading\" data-id=\"ab06110\" data-element_type=\"widget\" data-e-type=\"widget\" data-widget_type=\"the7-heading.default\">\n\t\t\t\t<div class=\"elementor-widget-container\">\n\t\t\t\t\t<div class=\"the7-heading-title elementor-size-default\">Adres<\/div>\t\t\t\t<\/div>\n\t\t\t\t<\/div>\n\t\t\t\t<div class=\"elementor-element elementor-element-bc7a818 elementor-widget__width-initial elementor-widget elementor-widget-text-editor\" data-id=\"bc7a818\" data-element_type=\"widget\" data-e-type=\"widget\" data-widget_type=\"text-editor.default\">\n\t\t\t\t\t\t\t\t\t<p>Konya 5. Organize Sanayi B\u00f6lgesi A\u015fa\u011f\u0131p\u0131narba\u015f\u0131 Mh. 523 Nolu Sk. No:4 Sel\u00e7uklu\/ Konya\/ T\u00dcRK\u0130YE<\/p>\t\t\t\t\t\t\t\t<\/div>\n\t\t\t\t<\/div>\n\t\t<div class=\"elementor-element elementor-element-4423fc1 e-con-full e-flex e-con e-child\" data-id=\"4423fc1\" data-element_type=\"container\" data-e-type=\"container\">\n\t\t\t\t<div class=\"elementor-element elementor-element-9651dfb elementor-widget elementor-widget-the7-heading\" data-id=\"9651dfb\" data-element_type=\"widget\" data-e-type=\"widget\" data-widget_type=\"the7-heading.default\">\n\t\t\t\t<div class=\"elementor-widget-container\">\n\t\t\t\t\t<div class=\"the7-heading-title elementor-size-default\">Telefon<\/div>\t\t\t\t<\/div>\n\t\t\t\t<\/div>\n\t\t\t\t<div class=\"elementor-element elementor-element-0754953 elementor-widget elementor-widget-text-editor\" data-id=\"0754953\" data-element_type=\"widget\" data-e-type=\"widget\" data-widget_type=\"text-editor.default\">\n\t\t\t\t\t\t\t\t\t<p><a href=\"tel:+90 332 239 11 42\">+90 332 239 11 42<\/a><\/p><p><a href=\"tel:+90 542 784 64 42\">+90 542 784 64 42<\/a><\/p>\t\t\t\t\t\t\t\t<\/div>\n\t\t\t\t<\/div>\n\t\t<div class=\"elementor-element elementor-element-fe771c1 e-con-full e-flex e-con e-child\" data-id=\"fe771c1\" data-element_type=\"container\" data-e-type=\"container\">\n\t\t\t\t<div class=\"elementor-element elementor-element-889bf2a elementor-widget elementor-widget-the7-heading\" data-id=\"889bf2a\" data-element_type=\"widget\" data-e-type=\"widget\" data-widget_type=\"the7-heading.default\">\n\t\t\t\t<div class=\"elementor-widget-container\">\n\t\t\t\t\t<div class=\"the7-heading-title elementor-size-default\">E-Mail<\/div>\t\t\t\t<\/div>\n\t\t\t\t<\/div>\n\t\t\t\t<div class=\"elementor-element elementor-element-28aae10 elementor-widget elementor-widget-text-editor\" data-id=\"28aae10\" data-element_type=\"widget\" data-e-type=\"widget\" data-widget_type=\"text-editor.default\">\n\t\t\t\t\t\t\t\t\t<p><a href=\"mailto:info@elmdokum.com.tr\">info@elmdokum.com.tr<\/a><\/p>\t\t\t\t\t\t\t\t<\/div>\n\t\t\t\t<div class=\"elementor-element elementor-element-c94adf4 elementor-widget elementor-widget-text-editor\" data-id=\"c94adf4\" data-element_type=\"widget\" data-e-type=\"widget\" data-widget_type=\"text-editor.default\">\n\t\t\t\t\t\t\t\t\t<p><a href=\"mailto:info@elmdokum.com.tr\">satis@elmdokum.com.tr<\/a><\/p>\t\t\t\t\t\t\t\t<\/div>\n\t\t\t\t<\/div>\n\t\t<div class=\"elementor-element elementor-element-1da9371 e-con-full e-flex e-con e-child\" data-id=\"1da9371\" data-element_type=\"container\" data-e-type=\"container\">\n\t\t\t\t<div class=\"elementor-element elementor-element-3ad6302 e-transform elementor-align-center elementor-widget elementor-widget-the7_icon_widget\" data-id=\"3ad6302\" data-element_type=\"widget\" data-e-type=\"widget\" data-settings=\"{&quot;_transform_scale_effect_hover&quot;:{&quot;unit&quot;:&quot;px&quot;,&quot;size&quot;:1.05,&quot;sizes&quot;:[]},&quot;_transform_scale_effect_hover_widescreen&quot;:{&quot;unit&quot;:&quot;px&quot;,&quot;size&quot;:&quot;&quot;,&quot;sizes&quot;:[]},&quot;_transform_scale_effect_hover_laptop&quot;:{&quot;unit&quot;:&quot;px&quot;,&quot;size&quot;:&quot;&quot;,&quot;sizes&quot;:[]},&quot;_transform_scale_effect_hover_tablet_extra&quot;:{&quot;unit&quot;:&quot;px&quot;,&quot;size&quot;:&quot;&quot;,&quot;sizes&quot;:[]},&quot;_transform_scale_effect_hover_tablet&quot;:{&quot;unit&quot;:&quot;px&quot;,&quot;size&quot;:&quot;&quot;,&quot;sizes&quot;:[]},&quot;_transform_scale_effect_hover_mobile_extra&quot;:{&quot;unit&quot;:&quot;px&quot;,&quot;size&quot;:&quot;&quot;,&quot;sizes&quot;:[]},&quot;_transform_scale_effect_hover_mobile&quot;:{&quot;unit&quot;:&quot;px&quot;,&quot;size&quot;:&quot;&quot;,&quot;sizes&quot;:[]}}\" data-widget_type=\"the7_icon_widget.default\">\n\t\t\t\t<div class=\"elementor-widget-container\">\n\t\t\t\t\t<div class=\"the7-icon-wrapper the7-elementor-widget\"><a class=\"elementor-icon\" href=\"https:\/\/www.facebook.com\/elmdokum\/?locale=tr_TR\"><svg xmlns=\"http:\/\/www.w3.org\/2000\/svg\" viewBox=\"0 0 24 24\"><title>Facebook<\/title><path d=\"M9.101 23.691v-7.98H6.627v-3.667h2.474v-1.58c0-4.085 1.848-5.978 5.858-5.978.401 0 .955.042 1.468.103a8.68 8.68 0 0 1 1.141.195v3.325a8.623 8.623 0 0 0-.653-.036 26.805 26.805 0 0 0-.733-.009c-.707 0-1.259.096-1.675.309a1.686 1.686 0 0 0-.679.622c-.258.42-.374.995-.374 1.752v1.297h3.919l-.386 2.103-.287 1.564h-3.246v8.245C19.396 23.238 24 18.179 24 12.044c0-6.627-5.373-12-12-12s-12 5.373-12 12c0 5.628 3.874 10.35 9.101 11.647Z\"><\/path><\/svg><\/a><\/div>\t\t\t\t<\/div>\n\t\t\t\t<\/div>\n\t\t\t\t<div class=\"elementor-element elementor-element-379bbd9 e-transform elementor-align-center elementor-widget elementor-widget-the7_icon_widget\" data-id=\"379bbd9\" data-element_type=\"widget\" data-e-type=\"widget\" data-settings=\"{&quot;_transform_scale_effect_hover&quot;:{&quot;unit&quot;:&quot;px&quot;,&quot;size&quot;:1.05,&quot;sizes&quot;:[]},&quot;_transform_scale_effect_hover_widescreen&quot;:{&quot;unit&quot;:&quot;px&quot;,&quot;size&quot;:&quot;&quot;,&quot;sizes&quot;:[]},&quot;_transform_scale_effect_hover_laptop&quot;:{&quot;unit&quot;:&quot;px&quot;,&quot;size&quot;:&quot;&quot;,&quot;sizes&quot;:[]},&quot;_transform_scale_effect_hover_tablet_extra&quot;:{&quot;unit&quot;:&quot;px&quot;,&quot;size&quot;:&quot;&quot;,&quot;sizes&quot;:[]},&quot;_transform_scale_effect_hover_tablet&quot;:{&quot;unit&quot;:&quot;px&quot;,&quot;size&quot;:&quot;&quot;,&quot;sizes&quot;:[]},&quot;_transform_scale_effect_hover_mobile_extra&quot;:{&quot;unit&quot;:&quot;px&quot;,&quot;size&quot;:&quot;&quot;,&quot;sizes&quot;:[]},&quot;_transform_scale_effect_hover_mobile&quot;:{&quot;unit&quot;:&quot;px&quot;,&quot;size&quot;:&quot;&quot;,&quot;sizes&quot;:[]}}\" data-widget_type=\"the7_icon_widget.default\">\n\t\t\t\t<div class=\"elementor-widget-container\">\n\t\t\t\t\t<div class=\"the7-icon-wrapper the7-elementor-widget\"><a class=\"elementor-icon\" href=\"https:\/\/www.instagram.com\/elmdokummakinalari\/\"><svg xmlns=\"http:\/\/www.w3.org\/2000\/svg\" viewBox=\"0 0 24 24\"><title>Instagram<\/title><path d=\"M7.0301.084c-1.2768.0602-2.1487.264-2.911.5634-.7888.3075-1.4575.72-2.1228 1.3877-.6652.6677-1.075 1.3368-1.3802 2.127-.2954.7638-.4956 1.6365-.552 2.914-.0564 1.2775-.0689 1.6882-.0626 4.947.0062 3.2586.0206 3.6671.0825 4.9473.061 1.2765.264 2.1482.5635 2.9107.308.7889.72 1.4573 1.388 2.1228.6679.6655 1.3365 1.0743 2.1285 1.38.7632.295 1.6361.4961 2.9134.552 1.2773.056 1.6884.069 4.9462.0627 3.2578-.0062 3.668-.0207 4.9478-.0814 1.28-.0607 2.147-.2652 2.9098-.5633.7889-.3086 1.4578-.72 2.1228-1.3881.665-.6682 1.0745-1.3378 1.3795-2.1284.2957-.7632.4966-1.636.552-2.9124.056-1.2809.0692-1.6898.063-4.948-.0063-3.2583-.021-3.6668-.0817-4.9465-.0607-1.2797-.264-2.1487-.5633-2.9117-.3084-.7889-.72-1.4568-1.3876-2.1228C21.2982 1.33 20.628.9208 19.8378.6165 19.074.321 18.2017.1197 16.9244.0645 15.6471.0093 15.236-.005 11.977.0014 8.718.0076 8.31.0215 7.0301.0839m.1402 21.6932c-1.17-.0509-1.8053-.2453-2.2287-.408-.5606-.216-.96-.4771-1.3819-.895-.422-.4178-.6811-.8186-.9-1.378-.1644-.4234-.3624-1.058-.4171-2.228-.0595-1.2645-.072-1.6442-.079-4.848-.007-3.2037.0053-3.583.0607-4.848.05-1.169.2456-1.805.408-2.2282.216-.5613.4762-.96.895-1.3816.4188-.4217.8184-.6814 1.3783-.9003.423-.1651 1.0575-.3614 2.227-.4171 1.2655-.06 1.6447-.072 4.848-.079 3.2033-.007 3.5835.005 4.8495.0608 1.169.0508 1.8053.2445 2.228.408.5608.216.96.4754 1.3816.895.4217.4194.6816.8176.9005 1.3787.1653.4217.3617 1.056.4169 2.2263.0602 1.2655.0739 1.645.0796 4.848.0058 3.203-.0055 3.5834-.061 4.848-.051 1.17-.245 1.8055-.408 2.2294-.216.5604-.4763.96-.8954 1.3814-.419.4215-.8181.6811-1.3783.9-.4224.1649-1.0577.3617-2.2262.4174-1.2656.0595-1.6448.072-4.8493.079-3.2045.007-3.5825-.006-4.848-.0608M16.953 5.5864A1.44 1.44 0 1 0 18.39 4.144a1.44 1.44 0 0 0-1.437 1.4424M5.8385 12.012c.0067 3.4032 2.7706 6.1557 6.173 6.1493 3.4026-.0065 6.157-2.7701 6.1506-6.1733-.0065-3.4032-2.771-6.1565-6.174-6.1498-3.403.0067-6.156 2.771-6.1496 6.1738M8 12.0077a4 4 0 1 1 4.008 3.9921A3.9996 3.9996 0 0 1 8 12.0077\"><\/path><\/svg><\/a><\/div>\t\t\t\t<\/div>\n\t\t\t\t<\/div>\n\t\t\t\t<div class=\"elementor-element elementor-element-db0c95a e-transform elementor-align-center elementor-widget elementor-widget-the7_icon_widget\" data-id=\"db0c95a\" data-element_type=\"widget\" data-e-type=\"widget\" data-settings=\"{&quot;_transform_scale_effect_hover&quot;:{&quot;unit&quot;:&quot;px&quot;,&quot;size&quot;:1.05,&quot;sizes&quot;:[]},&quot;_transform_scale_effect_hover_widescreen&quot;:{&quot;unit&quot;:&quot;px&quot;,&quot;size&quot;:&quot;&quot;,&quot;sizes&quot;:[]},&quot;_transform_scale_effect_hover_laptop&quot;:{&quot;unit&quot;:&quot;px&quot;,&quot;size&quot;:&quot;&quot;,&quot;sizes&quot;:[]},&quot;_transform_scale_effect_hover_tablet_extra&quot;:{&quot;unit&quot;:&quot;px&quot;,&quot;size&quot;:&quot;&quot;,&quot;sizes&quot;:[]},&quot;_transform_scale_effect_hover_tablet&quot;:{&quot;unit&quot;:&quot;px&quot;,&quot;size&quot;:&quot;&quot;,&quot;sizes&quot;:[]},&quot;_transform_scale_effect_hover_mobile_extra&quot;:{&quot;unit&quot;:&quot;px&quot;,&quot;size&quot;:&quot;&quot;,&quot;sizes&quot;:[]},&quot;_transform_scale_effect_hover_mobile&quot;:{&quot;unit&quot;:&quot;px&quot;,&quot;size&quot;:&quot;&quot;,&quot;sizes&quot;:[]}}\" data-widget_type=\"the7_icon_widget.default\">\n\t\t\t\t<div class=\"elementor-widget-container\">\n\t\t\t\t\t<div class=\"the7-icon-wrapper the7-elementor-widget\"><a class=\"elementor-icon\" href=\"https:\/\/tr.linkedin.com\/company\/elmdokum\"><svg aria-hidden=\"true\" class=\"e-font-icon-svg e-fab-linkedin\" viewBox=\"0 0 448 512\" xmlns=\"http:\/\/www.w3.org\/2000\/svg\"><path d=\"M416 32H31.9C14.3 32 0 46.5 0 64.3v383.4C0 465.5 14.3 480 31.9 480H416c17.6 0 32-14.5 32-32.3V64.3c0-17.8-14.4-32.3-32-32.3zM135.4 416H69V202.2h66.5V416zm-33.2-243c-21.3 0-38.5-17.3-38.5-38.5S80.9 96 102.2 96c21.2 0 38.5 17.3 38.5 38.5 0 21.3-17.2 38.5-38.5 38.5zm282.1 243h-66.4V312c0-24.8-.5-56.7-34.5-56.7-34.6 0-39.9 27-39.9 54.9V416h-66.4V202.2h63.7v29.2h.9c8.9-16.8 30.6-34.5 62.9-34.5 67.2 0 79.7 44.3 79.7 101.9V416z\"><\/path><\/svg><\/a><\/div>\t\t\t\t<\/div>\n\t\t\t\t<\/div>\n\t\t\t\t<div class=\"elementor-element elementor-element-17e6c08 e-transform elementor-align-center elementor-widget elementor-widget-the7_icon_widget\" data-id=\"17e6c08\" data-element_type=\"widget\" data-e-type=\"widget\" data-settings=\"{&quot;_transform_scale_effect_hover&quot;:{&quot;unit&quot;:&quot;px&quot;,&quot;size&quot;:1.05,&quot;sizes&quot;:[]},&quot;_transform_scale_effect_hover_widescreen&quot;:{&quot;unit&quot;:&quot;px&quot;,&quot;size&quot;:&quot;&quot;,&quot;sizes&quot;:[]},&quot;_transform_scale_effect_hover_laptop&quot;:{&quot;unit&quot;:&quot;px&quot;,&quot;size&quot;:&quot;&quot;,&quot;sizes&quot;:[]},&quot;_transform_scale_effect_hover_tablet_extra&quot;:{&quot;unit&quot;:&quot;px&quot;,&quot;size&quot;:&quot;&quot;,&quot;sizes&quot;:[]},&quot;_transform_scale_effect_hover_tablet&quot;:{&quot;unit&quot;:&quot;px&quot;,&quot;size&quot;:&quot;&quot;,&quot;sizes&quot;:[]},&quot;_transform_scale_effect_hover_mobile_extra&quot;:{&quot;unit&quot;:&quot;px&quot;,&quot;size&quot;:&quot;&quot;,&quot;sizes&quot;:[]},&quot;_transform_scale_effect_hover_mobile&quot;:{&quot;unit&quot;:&quot;px&quot;,&quot;size&quot;:&quot;&quot;,&quot;sizes&quot;:[]}}\" data-widget_type=\"the7_icon_widget.default\">\n\t\t\t\t<div class=\"elementor-widget-container\">\n\t\t\t\t\t<div class=\"the7-icon-wrapper the7-elementor-widget\"><a class=\"elementor-icon\" href=\"https:\/\/www.youtube.com\/@elmdokummakinalar3081\"><svg xmlns=\"http:\/\/www.w3.org\/2000\/svg\" viewBox=\"0 0 24 24\"><title>YouTube<\/title><path d=\"M23.498 6.186a3.016 3.016 0 0 0-2.122-2.136C19.505 3.545 12 3.545 12 3.545s-7.505 0-9.377.505A3.017 3.017 0 0 0 .502 6.186C0 8.07 0 12 0 12s0 3.93.502 5.814a3.016 3.016 0 0 0 2.122 2.136c1.871.505 9.376.505 9.376.505s7.505 0 9.377-.505a3.015 3.015 0 0 0 2.122-2.136C24 15.93 24 12 24 12s0-3.93-.502-5.814zM9.545 15.568V8.432L15.818 12l-6.273 3.568z\"><\/path><\/svg><\/a><\/div>\t\t\t\t<\/div>\n\t\t\t\t<\/div>\n\t\t\t\t<\/div>\n\t\t\t\t<\/div>\n\t\t<div class=\"elementor-element elementor-element-14062c6 e-con-full e-flex e-con e-child\" data-id=\"14062c6\" data-element_type=\"container\" data-e-type=\"container\" data-settings=\"{&quot;background_background&quot;:&quot;classic&quot;}\">\n\t\t\t\t<div class=\"elementor-element elementor-element-61791e7 elementor-widget elementor-widget-the7-heading\" data-id=\"61791e7\" data-element_type=\"widget\" data-e-type=\"widget\" data-widget_type=\"the7-heading.default\">\n\t\t\t\t<div class=\"elementor-widget-container\">\n\t\t\t\t\t<h3 class=\"the7-heading-title elementor-size-default\">Size Nas\u0131l Yard\u0131mc\u0131 Olabiliriz?<\/h3>\t\t\t\t<\/div>\n\t\t\t\t<\/div>\n\t\t\t\t<div class=\"elementor-element elementor-element-a4855fa elementor-widget elementor-widget-text-editor\" data-id=\"a4855fa\" data-element_type=\"widget\" data-e-type=\"widget\" data-widget_type=\"text-editor.default\">\n\t\t\t\t\t\t\t\t\t<p>Sizlere yard\u0131mc\u0131 olmaktan mutluluk duyaca\u011f\u0131z.<\/p>\t\t\t\t\t\t\t\t<\/div>\n\t\t\t\t<div class=\"elementor-element elementor-element-f57b292 elementor-widget__width-inherit elementor-button-align-stretch elementor-widget elementor-widget-form\" data-id=\"f57b292\" data-element_type=\"widget\" data-e-type=\"widget\" data-settings=\"{&quot;step_next_label&quot;:&quot;Next&quot;,&quot;step_previous_label&quot;:&quot;Previous&quot;,&quot;button_width&quot;:&quot;100&quot;,&quot;step_type&quot;:&quot;number_text&quot;,&quot;step_icon_shape&quot;:&quot;circle&quot;}\" data-widget_type=\"form.default\">\n\t\t\t\t\t\t\t<form class=\"elementor-form\" method=\"post\" name=\"New Form\" aria-label=\"New Form\">\n\t\t\t<input type=\"hidden\" name=\"post_id\" value=\"13986\"\/>\n\t\t\t<input type=\"hidden\" name=\"form_id\" value=\"f57b292\"\/>\n\t\t\t<input type=\"hidden\" name=\"referer_title\" value=\"\u0130leti\u015fim\" \/>\n\n\t\t\t\t\t\t\t<input type=\"hidden\" name=\"queried_id\" value=\"13986\"\/>\n\t\t\t\n\t\t\t<div class=\"elementor-form-fields-wrapper elementor-labels-above\">\n\t\t\t\t\t\t\t\t<div class=\"elementor-field-type-text elementor-field-group elementor-column elementor-field-group-name elementor-col-50 elementor-md-100 elementor-field-required elementor-mark-required\">\n\t\t\t\t\t\t\t\t\t\t\t\t<label for=\"form-field-name\" class=\"elementor-field-label\">\n\t\t\t\t\t\t\t\t\u0130sim Soyisim\t\t\t\t\t\t\t<\/label>\n\t\t\t\t\t\t\t\t\t\t\t\t\t\t<input size=\"1\" type=\"text\" name=\"form_fields[name]\" id=\"form-field-name\" class=\"elementor-field elementor-size-md  elementor-field-textual\" placeholder=\"\u0130sim Soyisim\" required=\"required\">\n\t\t\t\t\t\t\t\t\t\t\t<\/div>\n\t\t\t\t\t\t\t\t<div class=\"elementor-field-type-email elementor-field-group elementor-column elementor-field-group-email elementor-col-50 elementor-md-100 elementor-field-required elementor-mark-required\">\n\t\t\t\t\t\t\t\t\t\t\t\t<label for=\"form-field-email\" class=\"elementor-field-label\">\n\t\t\t\t\t\t\t\tEmail\t\t\t\t\t\t\t<\/label>\n\t\t\t\t\t\t\t\t\t\t\t\t\t\t<input size=\"1\" type=\"email\" name=\"form_fields[email]\" id=\"form-field-email\" class=\"elementor-field elementor-size-md  elementor-field-textual\" placeholder=\"Email\" required=\"required\">\n\t\t\t\t\t\t\t\t\t\t\t<\/div>\n\t\t\t\t\t\t\t\t<div class=\"elementor-field-type-text elementor-field-group elementor-column elementor-field-group-field_2074ad8 elementor-col-50 elementor-md-100\">\n\t\t\t\t\t\t\t\t\t\t\t\t<label for=\"form-field-field_2074ad8\" class=\"elementor-field-label\">\n\t\t\t\t\t\t\t\t\u00dcr\u00fcn Ad\u0131\t\t\t\t\t\t\t<\/label>\n\t\t\t\t\t\t\t\t\t\t\t\t\t\t<input size=\"1\" type=\"text\" name=\"form_fields[field_2074ad8]\" id=\"form-field-field_2074ad8\" class=\"elementor-field elementor-size-md  elementor-field-textual\" placeholder=\"\u00dcr\u00fcn Ad\u0131\">\n\t\t\t\t\t\t\t\t\t\t\t<\/div>\n\t\t\t\t\t\t\t\t<div class=\"elementor-field-type-text elementor-field-group elementor-column elementor-field-group-field_6f5281b elementor-col-50 elementor-md-100\">\n\t\t\t\t\t\t\t\t\t\t\t\t<label for=\"form-field-field_6f5281b\" class=\"elementor-field-label\">\n\t\t\t\t\t\t\t\tTelefon\t\t\t\t\t\t\t<\/label>\n\t\t\t\t\t\t\t\t\t\t\t\t\t\t<input size=\"1\" type=\"text\" name=\"form_fields[field_6f5281b]\" id=\"form-field-field_6f5281b\" class=\"elementor-field elementor-size-md  elementor-field-textual\" placeholder=\"Telefon\">\n\t\t\t\t\t\t\t\t\t\t\t<\/div>\n\t\t\t\t\t\t\t\t<div class=\"elementor-field-type-textarea elementor-field-group elementor-column elementor-field-group-message elementor-col-100\">\n\t\t\t\t\t\t\t\t\t\t\t\t<label for=\"form-field-message\" class=\"elementor-field-label\">\n\t\t\t\t\t\t\t\tMesaj\u0131n\u0131z\t\t\t\t\t\t\t<\/label>\n\t\t\t\t\t\t<textarea class=\"elementor-field-textual elementor-field  elementor-size-md\" name=\"form_fields[message]\" id=\"form-field-message\" rows=\"7\" placeholder=\"Mesaj\u0131n\u0131z\"><\/textarea>\t\t\t\t<\/div>\n\t\t\t\t\t\t\t\t<div class=\"elementor-field-group elementor-column elementor-field-type-submit elementor-col-100 e-form__buttons\">\n\t\t\t\t\t<button class=\"elementor-button elementor-size-lg\" type=\"submit\">\n\t\t\t\t\t\t<span class=\"elementor-button-content-wrapper\">\n\t\t\t\t\t\t\t\t\t\t\t\t\t\t\t\t\t\t\t\t\t\t<span class=\"elementor-button-text\">G\u00f6nder<\/span>\n\t\t\t\t\t\t\t\t\t\t\t\t\t<\/span>\n\t\t\t\t\t<\/button>\n\t\t\t\t<\/div>\n\t\t\t<\/div>\n\t\t<\/form>\n\t\t\t\t\t\t<\/div>\n\t\t\t\t<\/div>\n\t\t\t\t\t<\/div>\n\t\t\t\t<\/div>\n\t\t\t\t<\/div>\n\t\t<div class=\"elementor-element elementor-element-d1526a2 e-flex e-con-boxed e-con e-parent\" data-id=\"d1526a2\" data-element_type=\"container\" data-e-type=\"container\">\n\t\t\t\t\t<div class=\"e-con-inner\">\n\t\t\t\t<div class=\"elementor-element elementor-element-132dd0e elementor-widget elementor-widget-google_maps\" data-id=\"132dd0e\" data-element_type=\"widget\" data-e-type=\"widget\" data-widget_type=\"google_maps.default\">\n\t\t\t\t\t\t\t<div class=\"elementor-custom-embed\">\n\t\t\t<iframe loading=\"lazy\"\n\t\t\t\t\tsrc=\"https:\/\/maps.google.com\/maps?q=Elm&#038;t=m&#038;z=14&#038;output=embed&#038;iwloc=near\"\n\t\t\t\t\ttitle=\"Elm\"\n\t\t\t\t\taria-label=\"Elm\"\n\t\t\t><\/iframe>\n\t\t<\/div>\n\t\t\t\t\t\t<\/div>\n\t\t\t\t\t<\/div>\n\t\t\t\t<\/div>\n\t\t\t\t<\/div>\n\t\t","protected":false},"excerpt":{"rendered":"<p>\u0130leti\u015fim Do\u011fru \u00c7\u00f6z\u00fcm \u0130\u00e7in Do\u011fru \u0130leti\u015fim \u00dcr\u00fcnlerimiz, projelerimiz veya i\u015f birli\u011fi taleplerinizle ilgili t\u00fcm sorular\u0131n\u0131z i\u00e7in bizimle ileti\u015fime ge\u00e7ebilirsiniz. ELM D\u00f6k\u00fcm Makinalar\u0131 olarak, ihtiya\u00e7lar\u0131n\u0131za en uygun \u00e7\u00f6z\u00fcmleri birlikte de\u011ferlendirmekten memnuniyet duyar\u0131z. Adres Konya 5. Organize Sanayi B\u00f6lgesi A\u015fa\u011f\u0131p\u0131narba\u015f\u0131 Mh. 523 Nolu Sk. No:4 Sel\u00e7uklu\/ Konya\/ T\u00dcRK\u0130YE Telefon +90 332 239 11 42 +90 542 784&hellip;<\/p>","protected":false},"author":1,"featured_media":0,"parent":0,"menu_order":60,"comment_status":"closed","ping_status":"closed","template":"","meta":{"_acf_changed":false,"footnotes":""},"class_list":["post-13986","page","type-page","status-publish","hentry"],"acf":[],"_links":{"self":[{"href":"https:\/\/elmdokum.com.tr\/en\/wp-json\/wp\/v2\/pages\/13986","targetHints":{"allow":["GET"]}}],"collection":[{"href":"https:\/\/elmdokum.com.tr\/en\/wp-json\/wp\/v2\/pages"}],"about":[{"href":"https:\/\/elmdokum.com.tr\/en\/wp-json\/wp\/v2\/types\/page"}],"author":[{"embeddable":true,"href":"https:\/\/elmdokum.com.tr\/en\/wp-json\/wp\/v2\/users\/1"}],"replies":[{"embeddable":true,"href":"https:\/\/elmdokum.com.tr\/en\/wp-json\/wp\/v2\/comments?post=13986"}],"version-history":[{"count":31,"href":"https:\/\/elmdokum.com.tr\/en\/wp-json\/wp\/v2\/pages\/13986\/revisions"}],"predecessor-version":[{"id":41754,"href":"https:\/\/elmdokum.com.tr\/en\/wp-json\/wp\/v2\/pages\/13986\/revisions\/41754"}],"wp:attachment":[{"href":"https:\/\/elmdokum.com.tr\/en\/wp-json\/wp\/v2\/media?parent=13986"}],"curies":[{"name":"wp","href":"https:\/\/api.w.org\/{rel}","templated":true}]}}