{"id":41141,"date":"2026-01-05T11:50:49","date_gmt":"2026-01-05T11:50:49","guid":{"rendered":"https:\/\/elmdokum.com.tr\/?page_id=41141"},"modified":"2026-01-13T16:02:48","modified_gmt":"2026-01-13T16:02:48","slug":"kalite-guvence","status":"publish","type":"page","link":"https:\/\/elmdokum.com.tr\/en\/kalite-guvence\/","title":{"rendered":"Quality Assurance"},"content":{"rendered":"<div data-elementor-type=\"wp-page\" data-elementor-id=\"41141\" class=\"elementor elementor-41141\" data-elementor-post-type=\"page\">\n\t\t\t\t<div class=\"elementor-element elementor-element-e1e0381 e-con-full e-flex e-con e-parent\" data-id=\"e1e0381\" data-element_type=\"container\" data-e-type=\"container\">\n\t\t<div class=\"elementor-element elementor-element-adf5fe8 e-flex e-con-boxed e-con e-child\" data-id=\"adf5fe8\" data-element_type=\"container\" data-e-type=\"container\">\n\t\t\t\t\t<div class=\"e-con-inner\">\n\t\t<div class=\"elementor-element elementor-element-cf6cbb0 e-con-full e-flex e-con e-child\" data-id=\"cf6cbb0\" data-element_type=\"container\" data-e-type=\"container\">\n\t\t\t\t<div class=\"elementor-element elementor-element-08f430d content-align-right the7-hover-visibility-disabled preserve-img-ratio-cover transform-overlay-yes exceeding-frame-yes elementor-widget elementor-widget-the7-image-widget\" data-id=\"08f430d\" data-element_type=\"widget\" data-e-type=\"widget\" data-settings=\"{&quot;hover_visibility&quot;:&quot;disabled&quot;}\" data-widget_type=\"the7-image-widget.default\">\n\t\t\t\t<div class=\"elementor-widget-container\">\n\t\t\t\t\t<div class=\"the7-image-container\"><div class=\"the7-image-wrapper the7-elementor-widget the7-transform-container\"><div class=\"post-thumbnail-rollover layzr-bg img-css-resize-wrapper\"><img fetchpriority=\"high\" decoding=\"async\" width=\"1350\" height=\"1080\" src=\"data:image\/svg+xml,%3Csvg%20xmlns%3D&#039;http%3A%2F%2Fwww.w3.org%2F2000%2Fsvg&#039;%20viewBox%3D&#039;0%200%201350%201080&#039;%2F%3E\" class=\"attachment-full size-full preload-me aspect lazy lazy-load\" alt=\"\" sizes=\"(max-width: 1350px) 100vw, 1350px\" style=\"--ratio: 1350 \/ 1080;\" data-src=\"https:\/\/elmdokum.com.tr\/wp-content\/uploads\/2026\/01\/Kalite-Kontrollu-Uretim-Surecleri-min.jpg\" loading=\"eager\" data-srcset=\"https:\/\/elmdokum.com.tr\/wp-content\/uploads\/2026\/01\/Kalite-Kontrollu-Uretim-Surecleri-min.jpg 1350w, https:\/\/elmdokum.com.tr\/wp-content\/uploads\/2026\/01\/Kalite-Kontrollu-Uretim-Surecleri-min-1000x800.jpg 1000w, https:\/\/elmdokum.com.tr\/wp-content\/uploads\/2026\/01\/Kalite-Kontrollu-Uretim-Surecleri-min-300x240.jpg 300w, https:\/\/elmdokum.com.tr\/wp-content\/uploads\/2026\/01\/Kalite-Kontrollu-Uretim-Surecleri-min-1024x819.jpg 1024w, https:\/\/elmdokum.com.tr\/wp-content\/uploads\/2026\/01\/Kalite-Kontrollu-Uretim-Surecleri-min-768x614.jpg 768w\" \/><\/div><\/div><\/div>\t\t\t\t<\/div>\n\t\t\t\t<\/div>\n\t\t\t\t<\/div>\n\t\t<div class=\"elementor-element elementor-element-8381b68 e-con-full e-flex e-con e-child\" data-id=\"8381b68\" data-element_type=\"container\" data-e-type=\"container\">\n\t\t\t\t<div class=\"elementor-element elementor-element-de63d7b elementor-widget-tablet__width-inherit elementor-widget elementor-widget-the7-heading\" data-id=\"de63d7b\" data-element_type=\"widget\" data-e-type=\"widget\" data-widget_type=\"the7-heading.default\">\n\t\t\t\t<div class=\"elementor-widget-container\">\n\t\t\t\t\t<div class=\"the7-heading-title elementor-size-default\">We Manage Quality as a Process<\/div>\t\t\t\t<\/div>\n\t\t\t\t<\/div>\n\t\t\t\t<div class=\"elementor-element elementor-element-46361c3 elementor-widget-tablet__width-inherit elementor-widget elementor-widget-text-editor\" data-id=\"46361c3\" data-element_type=\"widget\" data-e-type=\"widget\" data-widget_type=\"text-editor.default\">\n\t\t\t\t\t\t\t\t\t<p class=\"p1\">At ELM Casting Machines, quality is not only a result controlled at the last stage of production; it is an approach that covers the whole process from design to shipment. Each stage of our products is planned and controlled in line with engineering principles and established quality criteria.<\/p>\t\t\t\t\t\t\t\t<\/div>\n\t\t\t\t<\/div>\n\t\t\t\t\t<\/div>\n\t\t\t\t<\/div>\n\t\t\t\t<div class=\"elementor-element elementor-element-9eaeece elementor-widget elementor-widget-spacer\" data-id=\"9eaeece\" data-element_type=\"widget\" data-e-type=\"widget\" data-widget_type=\"spacer.default\">\n\t\t\t\t\t\t\t<div class=\"elementor-spacer\">\n\t\t\t<div class=\"elementor-spacer-inner\"><\/div>\n\t\t<\/div>\n\t\t\t\t\t\t<\/div>\n\t\t\t\t<\/div>\n\t\t<div class=\"elementor-element elementor-element-7ea024a e-con-full e-flex e-con e-parent\" data-id=\"7ea024a\" data-element_type=\"container\" data-e-type=\"container\" data-settings=\"{&quot;background_background&quot;:&quot;classic&quot;}\">\n\t\t<div class=\"elementor-element elementor-element-7680f37 e-flex e-con-boxed e-con e-child\" data-id=\"7680f37\" data-element_type=\"container\" data-e-type=\"container\">\n\t\t\t\t\t<div class=\"e-con-inner\">\n\t\t<div class=\"elementor-element elementor-element-b21d157 e-flex e-con-boxed e-con e-child\" data-id=\"b21d157\" data-element_type=\"container\" data-e-type=\"container\">\n\t\t\t\t\t<div class=\"e-con-inner\">\n\t\t\t\t<div class=\"elementor-element elementor-element-7dc4287 elementor-widget elementor-widget-the7-heading\" data-id=\"7dc4287\" data-element_type=\"widget\" data-e-type=\"widget\" data-widget_type=\"the7-heading.default\">\n\t\t\t\t<div class=\"elementor-widget-container\">\n\t\t\t\t\t<div class=\"the7-heading-title elementor-size-default\">Our Quality Assurance Approach<\/div>\t\t\t\t<\/div>\n\t\t\t\t<\/div>\n\t\t\t\t<div class=\"elementor-element elementor-element-cf68ae8 elementor-widget-tablet__width-inherit elementor-widget__width-initial elementor-widget elementor-widget-text-editor\" data-id=\"cf68ae8\" data-element_type=\"widget\" data-e-type=\"widget\" data-widget_type=\"text-editor.default\">\n\t\t\t\t\t\t\t\t\t<p class=\"p1\">Quality in our production processes is based on planning, control and continuity. We apply a measurable and traceable system at every stage to produce machines that work safely in the field.<\/p>\t\t\t\t\t\t\t\t<\/div>\n\t\t\t\t\t<\/div>\n\t\t\t\t<\/div>\n\t\t<div class=\"elementor-element elementor-element-657cf1a e-grid e-con-full e-con e-child\" data-id=\"657cf1a\" data-element_type=\"container\" data-e-type=\"container\">\n\t\t<div class=\"elementor-element elementor-element-b774803 e-con-full e-flex e-con e-child\" data-id=\"b774803\" data-element_type=\"container\" data-e-type=\"container\">\n\t\t\t\t<div class=\"elementor-element elementor-element-04aa83a the7-hover-visibility-hover content-align-left preserve-img-ratio-cover transform-overlay-yes exceeding-frame-yes elementor-widget elementor-widget-the7-image-widget\" data-id=\"04aa83a\" data-element_type=\"widget\" data-e-type=\"widget\" data-settings=\"{&quot;hover_visibility&quot;:&quot;hover&quot;}\" data-widget_type=\"the7-image-widget.default\">\n\t\t\t\t<div class=\"elementor-widget-container\">\n\t\t\t\t\t<div class=\"the7-image-container\"><div class=\"the7-image-wrapper the7-elementor-widget the7-transform-container\"><a class=\"post-thumbnail-rollover img-css-resize-wrapper\" href=\"https:\/\/elmdokum.com.tr\/en\/kalite-guvence\/\"><img decoding=\"async\" width=\"768\" height=\"614\" src=\"https:\/\/elmdokum.com.tr\/wp-content\/uploads\/2026\/01\/Kalite-Muhendislik-Tabanli-Tasarim-min-768x614.jpg\" class=\"attachment-medium_large size-medium_large preload-me aspect\" alt=\"\" srcset=\"https:\/\/elmdokum.com.tr\/wp-content\/uploads\/2026\/01\/Kalite-Muhendislik-Tabanli-Tasarim-min-768x614.jpg 768w, https:\/\/elmdokum.com.tr\/wp-content\/uploads\/2026\/01\/Kalite-Muhendislik-Tabanli-Tasarim-min-1000x800.jpg 1000w, https:\/\/elmdokum.com.tr\/wp-content\/uploads\/2026\/01\/Kalite-Muhendislik-Tabanli-Tasarim-min-300x240.jpg 300w, https:\/\/elmdokum.com.tr\/wp-content\/uploads\/2026\/01\/Kalite-Muhendislik-Tabanli-Tasarim-min-1024x819.jpg 1024w, https:\/\/elmdokum.com.tr\/wp-content\/uploads\/2026\/01\/Kalite-Muhendislik-Tabanli-Tasarim-min.jpg 1350w\" sizes=\"(max-width: 768px) 100vw, 768px\" style=\"--ratio: 768 \/ 614;\" \/><\/a><\/div><\/div>\t\t\t\t<\/div>\n\t\t\t\t<\/div>\n\t\t<div class=\"elementor-element elementor-element-0869c57 e-con-full e-flex e-con e-child\" data-id=\"0869c57\" data-element_type=\"container\" data-e-type=\"container\">\n\t\t\t\t<div class=\"elementor-element elementor-element-3af5d26 elementor-widget elementor-widget-the7-heading\" data-id=\"3af5d26\" data-element_type=\"widget\" data-e-type=\"widget\" data-widget_type=\"the7-heading.default\">\n\t\t\t\t<div class=\"elementor-widget-container\">\n\t\t\t\t\t<h3 class=\"the7-heading-title elementor-size-default\">Engineering Based Design<\/h3>\t\t\t\t<\/div>\n\t\t\t\t<\/div>\n\t\t\t\t<div class=\"elementor-element elementor-element-a3066f2 elementor-widget elementor-widget-text-editor\" data-id=\"a3066f2\" data-element_type=\"widget\" data-e-type=\"widget\" data-widget_type=\"text-editor.default\">\n\t\t\t\t\t\t\t\t\t<p class=\"p1\">All our machines are designed by engineering calculations taking into account site conditions and technical requirements. The design process is the first and most important step in quality assurance.<\/p>\t\t\t\t\t\t\t\t<\/div>\n\t\t\t\t<\/div>\n\t\t\t\t<\/div>\n\t\t<div class=\"elementor-element elementor-element-be5e684 e-con-full e-flex e-con e-child\" data-id=\"be5e684\" data-element_type=\"container\" data-e-type=\"container\">\n\t\t\t\t<div class=\"elementor-element elementor-element-c51bc7b the7-hover-visibility-hover content-align-left preserve-img-ratio-cover transform-overlay-yes exceeding-frame-yes elementor-widget elementor-widget-the7-image-widget\" data-id=\"c51bc7b\" data-element_type=\"widget\" data-e-type=\"widget\" data-settings=\"{&quot;hover_visibility&quot;:&quot;hover&quot;}\" data-widget_type=\"the7-image-widget.default\">\n\t\t\t\t<div class=\"elementor-widget-container\">\n\t\t\t\t\t<div class=\"the7-image-container\"><div class=\"the7-image-wrapper the7-elementor-widget the7-transform-container\"><a class=\"post-thumbnail-rollover img-css-resize-wrapper\" href=\"https:\/\/elmdokum.com.tr\/en\/kalite-guvence\/\"><img decoding=\"async\" width=\"768\" height=\"768\" src=\"https:\/\/elmdokum.com.tr\/wp-content\/uploads\/2026\/01\/kalite-kontrol-1-min-768x768.jpg\" class=\"attachment-medium_large size-medium_large preload-me aspect\" alt=\"\" srcset=\"https:\/\/elmdokum.com.tr\/wp-content\/uploads\/2026\/01\/kalite-kontrol-1-min-768x768.jpg 768w, https:\/\/elmdokum.com.tr\/wp-content\/uploads\/2026\/01\/kalite-kontrol-1-min-1000x1000.jpg 1000w, https:\/\/elmdokum.com.tr\/wp-content\/uploads\/2026\/01\/kalite-kontrol-1-min-200x200.jpg 200w, https:\/\/elmdokum.com.tr\/wp-content\/uploads\/2026\/01\/kalite-kontrol-1-min-300x300.jpg 300w, https:\/\/elmdokum.com.tr\/wp-content\/uploads\/2026\/01\/kalite-kontrol-1-min-1024x1024.jpg 1024w, https:\/\/elmdokum.com.tr\/wp-content\/uploads\/2026\/01\/kalite-kontrol-1-min-150x150.jpg 150w, https:\/\/elmdokum.com.tr\/wp-content\/uploads\/2026\/01\/kalite-kontrol-1-min.jpg 1080w\" sizes=\"(max-width: 768px) 100vw, 768px\" style=\"--ratio: 768 \/ 768;\" \/><\/a><\/div><\/div>\t\t\t\t<\/div>\n\t\t\t\t<\/div>\n\t\t<div class=\"elementor-element elementor-element-7b29260 e-con-full e-flex e-con e-child\" data-id=\"7b29260\" data-element_type=\"container\" data-e-type=\"container\">\n\t\t\t\t<div class=\"elementor-element elementor-element-655e8db elementor-widget elementor-widget-the7-heading\" data-id=\"655e8db\" data-element_type=\"widget\" data-e-type=\"widget\" data-widget_type=\"the7-heading.default\">\n\t\t\t\t<div class=\"elementor-widget-container\">\n\t\t\t\t\t<h3 class=\"the7-heading-title elementor-size-default\">Controlled Production Processes<\/h3>\t\t\t\t<\/div>\n\t\t\t\t<\/div>\n\t\t\t\t<div class=\"elementor-element elementor-element-a908576 elementor-widget elementor-widget-text-editor\" data-id=\"a908576\" data-element_type=\"widget\" data-e-type=\"widget\" data-widget_type=\"text-editor.default\">\n\t\t\t\t\t\t\t\t\t<p class=\"p1\">Measurements and inspections are carried out with the control points determined at every stage of production. In this way, possible deviations are detected at an early stage and quality continuity is ensured.<\/p>\t\t\t\t\t\t\t\t<\/div>\n\t\t\t\t<\/div>\n\t\t\t\t<\/div>\n\t\t<div class=\"elementor-element elementor-element-8cefc08 e-con-full e-flex e-con e-child\" data-id=\"8cefc08\" data-element_type=\"container\" data-e-type=\"container\">\n\t\t\t\t<div class=\"elementor-element elementor-element-a85de95 the7-hover-visibility-hover content-align-left preserve-img-ratio-cover transform-overlay-yes exceeding-frame-yes elementor-widget elementor-widget-the7-image-widget\" data-id=\"a85de95\" data-element_type=\"widget\" data-e-type=\"widget\" data-settings=\"{&quot;hover_visibility&quot;:&quot;hover&quot;}\" data-widget_type=\"the7-image-widget.default\">\n\t\t\t\t<div class=\"elementor-widget-container\">\n\t\t\t\t\t<div class=\"the7-image-container\"><div class=\"the7-image-wrapper the7-elementor-widget the7-transform-container\"><a class=\"post-thumbnail-rollover img-css-resize-wrapper\" href=\"https:\/\/elmdokum.com.tr\/en\/kalite-guvence\/\"><img decoding=\"async\" width=\"768\" height=\"614\" src=\"https:\/\/elmdokum.com.tr\/wp-content\/uploads\/2026\/01\/Kalite-Fonksiyonel-Test-ve-Dogrulama-min-768x614.jpg\" class=\"attachment-medium_large size-medium_large preload-me aspect\" alt=\"\" srcset=\"https:\/\/elmdokum.com.tr\/wp-content\/uploads\/2026\/01\/Kalite-Fonksiyonel-Test-ve-Dogrulama-min-768x614.jpg 768w, https:\/\/elmdokum.com.tr\/wp-content\/uploads\/2026\/01\/Kalite-Fonksiyonel-Test-ve-Dogrulama-min-1000x800.jpg 1000w, https:\/\/elmdokum.com.tr\/wp-content\/uploads\/2026\/01\/Kalite-Fonksiyonel-Test-ve-Dogrulama-min-300x240.jpg 300w, https:\/\/elmdokum.com.tr\/wp-content\/uploads\/2026\/01\/Kalite-Fonksiyonel-Test-ve-Dogrulama-min-1024x819.jpg 1024w, https:\/\/elmdokum.com.tr\/wp-content\/uploads\/2026\/01\/Kalite-Fonksiyonel-Test-ve-Dogrulama-min.jpg 1350w\" sizes=\"(max-width: 768px) 100vw, 768px\" style=\"--ratio: 768 \/ 614;\" \/><\/a><\/div><\/div>\t\t\t\t<\/div>\n\t\t\t\t<\/div>\n\t\t<div class=\"elementor-element elementor-element-a798d80 e-con-full e-flex e-con e-child\" data-id=\"a798d80\" data-element_type=\"container\" data-e-type=\"container\">\n\t\t\t\t<div class=\"elementor-element elementor-element-4b10d88 elementor-widget elementor-widget-the7-heading\" data-id=\"4b10d88\" data-element_type=\"widget\" data-e-type=\"widget\" data-widget_type=\"the7-heading.default\">\n\t\t\t\t<div class=\"elementor-widget-container\">\n\t\t\t\t\t<h3 class=\"the7-heading-title elementor-size-default\">Functional Testing and Verification<\/h3>\t\t\t\t<\/div>\n\t\t\t\t<\/div>\n\t\t\t\t<div class=\"elementor-element elementor-element-467bfb5 elementor-widget elementor-widget-text-editor\" data-id=\"467bfb5\" data-element_type=\"widget\" data-e-type=\"widget\" data-widget_type=\"text-editor.default\">\n\t\t\t\t\t\t\t\t\t<p class=\"p1\">The products are tested in accordance with the operating conditions before dispatch. Performance, durability and safe use criteria are verified and prepared for delivery.<\/p>\t\t\t\t\t\t\t\t<\/div>\n\t\t\t\t<\/div>\n\t\t\t\t<\/div>\n\t\t\t\t<\/div>\n\t\t\t\t\t<\/div>\n\t\t\t\t<\/div>\n\t\t\t\t<\/div>\n\t\t<div class=\"elementor-element elementor-element-98d3231 e-con-full e-flex e-con e-child\" data-id=\"98d3231\" data-element_type=\"container\" data-e-type=\"container\" data-settings=\"{&quot;background_background&quot;:&quot;classic&quot;}\">\n\t\t<div class=\"elementor-element elementor-element-9a9db9f e-flex e-con-boxed e-con e-child\" data-id=\"9a9db9f\" data-element_type=\"container\" data-e-type=\"container\" data-settings=\"{&quot;background_background&quot;:&quot;gradient&quot;}\">\n\t\t\t\t\t<div class=\"e-con-inner\">\n\t\t\t\t<div class=\"elementor-element elementor-element-f07a05e elementor-widget-tablet__width-inherit elementor-widget elementor-widget-the7-heading\" data-id=\"f07a05e\" data-element_type=\"widget\" data-e-type=\"widget\" data-widget_type=\"the7-heading.default\">\n\t\t\t\t<div class=\"elementor-widget-container\">\n\t\t\t\t\t<div class=\"the7-heading-title elementor-size-default\">Quality Gains Value with Continuity<\/div>\t\t\t\t<\/div>\n\t\t\t\t<\/div>\n\t\t\t\t<div class=\"elementor-element elementor-element-b25e85b elementor-widget-tablet__width-inherit elementor-widget elementor-widget-the7-heading\" data-id=\"b25e85b\" data-element_type=\"widget\" data-e-type=\"widget\" data-widget_type=\"the7-heading.default\">\n\t\t\t\t<div class=\"elementor-widget-container\">\n\t\t\t\t\t<div class=\"the7-heading-title elementor-size-default\">Controlled at Every Stage, Reliable in Every Production<\/div>\t\t\t\t<\/div>\n\t\t\t\t<\/div>\n\t\t<div class=\"elementor-element elementor-element-a3ae39c e-flex e-con-boxed e-con e-child\" data-id=\"a3ae39c\" data-element_type=\"container\" data-e-type=\"container\">\n\t\t\t\t\t<div class=\"e-con-inner\">\n\t\t\t\t<div class=\"elementor-element elementor-element-cec1619 elementor-align-justify elementor-widget__width-inherit elementor-widget elementor-widget-the7_button_widget\" data-id=\"cec1619\" data-element_type=\"widget\" data-e-type=\"widget\" data-widget_type=\"the7_button_widget.default\">\n\t\t\t\t<div class=\"elementor-widget-container\">\n\t\t\t\t\t<div class=\"elementor-button-wrapper\"><a href=\"https:\/\/elmdokum.com.tr\/en\/iletisim\/\" class=\"box-button elementor-button elementor-size-xl\">Contact Us<\/a><\/div>\t\t\t\t<\/div>\n\t\t\t\t<\/div>\n\t\t\t\t\t<\/div>\n\t\t\t\t<\/div>\n\t\t\t\t\t<\/div>\n\t\t\t\t<\/div>\n\t\t\t\t<\/div>\n\t\t\t\t<\/div>","protected":false},"excerpt":{"rendered":"<p>Kaliteyi S\u00fcre\u00e7 Olarak Y\u00f6netiyoruz ELM D\u00f6k\u00fcm Makinalar\u0131\u2019nda kalite, yaln\u0131zca \u00fcretimin son a\u015famas\u0131nda kontrol edilen bir sonu\u00e7 de\u011fil; tasar\u0131mdan sevkiyata kadar t\u00fcm s\u00fcreci kapsayan bir yakla\u015f\u0131md\u0131r. \u00dcr\u00fcnlerimizin her a\u015famas\u0131, m\u00fchendislik prensipleri ve belirlenen kalite kriterleri do\u011frultusunda planlan\u0131r ve kontrol edilir. Kalite G\u00fcvence Yakla\u015f\u0131m\u0131m\u0131z \u00dcretim s\u00fcre\u00e7lerimizde kalite; planlama, kontrol ve s\u00fcreklilik esas\u0131na dayan\u0131r. Sahada g\u00fcvenle \u00e7al\u0131\u015fan makineler&hellip;<\/p>","protected":false},"author":1,"featured_media":37095,"parent":0,"menu_order":20,"comment_status":"closed","ping_status":"closed","template":"","meta":{"_acf_changed":false,"footnotes":""},"class_list":["post-41141","page","type-page","status-publish","has-post-thumbnail","hentry"],"acf":[],"_links":{"self":[{"href":"https:\/\/elmdokum.com.tr\/en\/wp-json\/wp\/v2\/pages\/41141","targetHints":{"allow":["GET"]}}],"collection":[{"href":"https:\/\/elmdokum.com.tr\/en\/wp-json\/wp\/v2\/pages"}],"about":[{"href":"https:\/\/elmdokum.com.tr\/en\/wp-json\/wp\/v2\/types\/page"}],"author":[{"embeddable":true,"href":"https:\/\/elmdokum.com.tr\/en\/wp-json\/wp\/v2\/users\/1"}],"replies":[{"embeddable":true,"href":"https:\/\/elmdokum.com.tr\/en\/wp-json\/wp\/v2\/comments?post=41141"}],"version-history":[{"count":10,"href":"https:\/\/elmdokum.com.tr\/en\/wp-json\/wp\/v2\/pages\/41141\/revisions"}],"predecessor-version":[{"id":41700,"href":"https:\/\/elmdokum.com.tr\/en\/wp-json\/wp\/v2\/pages\/41141\/revisions\/41700"}],"wp:featuredmedia":[{"embeddable":true,"href":"https:\/\/elmdokum.com.tr\/en\/wp-json\/wp\/v2\/media\/37095"}],"wp:attachment":[{"href":"https:\/\/elmdokum.com.tr\/en\/wp-json\/wp\/v2\/media?parent=41141"}],"curies":[{"name":"wp","href":"https:\/\/api.w.org\/{rel}","templated":true}]}}