{"id":41148,"date":"2026-01-05T11:57:58","date_gmt":"2026-01-05T11:57:58","guid":{"rendered":"https:\/\/elmdokum.com.tr\/?page_id=41148"},"modified":"2026-01-05T12:10:04","modified_gmt":"2026-01-05T12:10:04","slug":"kvkk","status":"publish","type":"page","link":"https:\/\/elmdokum.com.tr\/en\/kvkk\/","title":{"rendered":"KVKK"},"content":{"rendered":"<div data-elementor-type=\"wp-page\" data-elementor-id=\"41148\" class=\"elementor elementor-41148\" data-elementor-post-type=\"page\">\n\t\t\t\t<div class=\"elementor-element elementor-element-7ea024a e-con-full e-flex e-con e-parent\" data-id=\"7ea024a\" data-element_type=\"container\" data-e-type=\"container\" data-settings=\"{&quot;background_background&quot;:&quot;classic&quot;}\">\n\t\t\t\t<div class=\"elementor-element elementor-element-b68d4d3 elementor-widget elementor-widget-the7-heading\" data-id=\"b68d4d3\" data-element_type=\"widget\" data-e-type=\"widget\" data-widget_type=\"the7-heading.default\">\n\t\t\t\t<div class=\"elementor-widget-container\">\n\t\t\t\t\t<div class=\"the7-heading-title elementor-size-default\">KVKK Policy<\/div>\t\t\t\t<\/div>\n\t\t\t\t<\/div>\n\t\t<div class=\"elementor-element elementor-element-7680f37 e-flex e-con-boxed e-con e-child\" data-id=\"7680f37\" data-element_type=\"container\" data-e-type=\"container\">\n\t\t\t\t\t<div class=\"e-con-inner\">\n\t\t<div class=\"elementor-element elementor-element-b21d157 e-con-full e-flex e-con e-child\" data-id=\"b21d157\" data-element_type=\"container\" data-e-type=\"container\">\n\t\t\t\t<div class=\"elementor-element elementor-element-cf68ae8 elementor-widget-tablet__width-inherit elementor-widget__width-initial elementor-widget elementor-widget-text-editor\" data-id=\"cf68ae8\" data-element_type=\"widget\" data-e-type=\"widget\" data-widget_type=\"text-editor.default\">\n\t\t\t\t\t\t\t\t\t<p>1. Information on the Data Controller<\/p><p>This clarification text has been prepared by ELM D\u00f6k\u00fcm Makinalar\u0131 (\u201cELM\u201d) in order to inform the relevant persons about the procedures and principles regarding the processing of personal data in accordance with the Personal Data Protection Law No. 6698 (\u201cKVKK\u201d).<\/p><p>Address: Konya 5th Organised Industrial Zone A\u015fa\u011f\u0131p\u0131narba\u015f\u0131 Mah. 523 Nolu Sk. No:4 Sel\u00e7uklu \/ Konya \/ TURKEY<br \/>Telephone: +90 332 239 11 42 - +90 542 784 64 42<br \/>E-mail: info@elmdokum.com.tr<\/p><p>\u2e3b<\/p><p>2. Processed Personal Data<\/p><p>ELM may process the following personal data within the scope of its website, communication channels and business processes:<br \/>- Identity details (name, surname)<br \/>- Contact details (telephone number, e-mail address, address information)<br \/>- Company information (company name, title, position)<br \/>- Request and message contents<br \/>- IP address, log records and site usage information<br \/>- User data obtained through cookies<\/p><p>\u2e3b<\/p><p>3. Purposes of Processing Personal Data<\/p><p>The personal data collected are processed for the following purposes within the framework of the conditions specified in Articles 5 and 6 of the KVKK:<br \/>- Responding to contact requests<br \/>- Providing information on products and services<br \/>- Execution of offer, demand and sales processes<br \/>- Managing customer relations and satisfaction processes<br \/>- Fulfilment of legal obligations<br \/>- Improving website performance and user experience<br \/>- Execution of information security processes<\/p>\t\t\t\t\t\t\t\t<\/div>\n\t\t\t\t<\/div>\n\t\t<div class=\"elementor-element elementor-element-28856db e-con-full e-flex e-con e-child\" data-id=\"28856db\" data-element_type=\"container\" data-e-type=\"container\">\n\t\t\t\t<div class=\"elementor-element elementor-element-d2d58cc elementor-widget-tablet__width-inherit elementor-widget__width-initial elementor-widget elementor-widget-text-editor\" data-id=\"d2d58cc\" data-element_type=\"widget\" data-e-type=\"widget\" data-widget_type=\"text-editor.default\">\n\t\t\t\t\t\t\t\t\t<p>4. Method and Legal Grounds for Collection of Personal Data<\/p><p>Personal data;<br \/>- Contact forms on the website<br \/>- E-mail, telephone and other communication channels<br \/>- Cookies and similar technologies<\/p><p>through automatic or partially automatic means.<\/p><p>Data;<br \/>- Obtaining explicit consent,<br \/>- It is directly related to the conclusion or performance of a contract,<br \/>- Fulfilment of legal obligations,<br \/>- Committed within the scope of legitimate interest<\/p><p>are processed on the basis of legal grounds.<\/p><p>\u2e3b<\/p><p>5. Transfer of Personal Data<\/p><p>Your personal data;<br \/>- Authorised public institutions and organisations within the scope of legal obligations,<br \/>- Technical infrastructure and information service providers,<\/p><p>It can be transferred in accordance with KVKK and by taking necessary security measures. Apart from this, it is not shared with third parties.<\/p><p>\u2e3b<\/p><p>6. Retention Period of Personal Data<\/p><p>Personal data are stored for the periods stipulated in the relevant legislation or for the period required by the purpose of processing. In case the period expires, the data is deleted, destroyed or anonymised.<\/p><p>7. Rights of the Relevant Person<\/p><p>Relevant persons in accordance with Article 11 of the KVKK;<br \/>- To learn whether their personal data is being processed or not,<br \/>- If processed, to request information about it,<br \/>- Learning whether it is used for its intended purpose,<br \/>- Request correction of incomplete or incorrectly processed data,<br \/>- Request deletion or destruction in case of unlawful processing,<br \/>- To know the third parties to whom the processed data are transferred,<br \/>- Do not object to processing,<br \/>- To claim compensation in case of damage<\/p><p>rights.<\/p><p>In order to exercise these rights, you can submit your requests in writing or via info@elmdokum.com.tr.<\/p>\t\t\t\t\t\t\t\t<\/div>\n\t\t\t\t<\/div>\n\t\t\t\t\t<\/div>\n\t\t\t\t<\/div>\n\t\t\t\t<div class=\"elementor-element elementor-element-6f7441b elementor-widget elementor-widget-the7-heading\" data-id=\"6f7441b\" data-element_type=\"widget\" data-e-type=\"widget\" data-widget_type=\"the7-heading.default\">\n\t\t\t\t<div class=\"elementor-widget-container\">\n\t\t\t\t\t<div class=\"the7-heading-title elementor-size-default\">Cookie Policy<\/div>\t\t\t\t<\/div>\n\t\t\t\t<\/div>\n\t\t<div class=\"elementor-element elementor-element-0baaee3 e-flex e-con-boxed e-con e-child\" data-id=\"0baaee3\" data-element_type=\"container\" data-e-type=\"container\">\n\t\t\t\t\t<div class=\"e-con-inner\">\n\t\t<div class=\"elementor-element elementor-element-6dad4e6 e-flex e-con-boxed e-con e-child\" data-id=\"6dad4e6\" data-element_type=\"container\" data-e-type=\"container\">\n\t\t\t\t\t<div class=\"e-con-inner\">\n\t\t\t\t<div class=\"elementor-element elementor-element-ad64439 elementor-widget-tablet__width-inherit elementor-widget__width-initial elementor-widget elementor-widget-text-editor\" data-id=\"ad64439\" data-element_type=\"widget\" data-e-type=\"widget\" data-widget_type=\"text-editor.default\">\n\t\t\t\t\t\t\t\t\t<p>8. What is a Cookie?<\/p><p>Cookies are small text files placed in your browser by the websites you visit. It allows the website to work more efficiently and improve the user experience.<\/p><p>\u2e3b<\/p><p>9. Types of Cookies Used<\/p><p>The following types of cookies are used on the ELM website:<\/p><p>Mandatory Cookies<\/p><p>It is necessary for the website to fulfil its basic functions.<\/p><p>Performance and Analytical Cookies<\/p><p>It is used to analyse site traffic and improve performance.<\/p><p>Functional Cookies<\/p><p>Personalised experience by remembering user preferences.<\/p>\t\t\t\t\t\t\t\t<\/div>\n\t\t\t\t\t<\/div>\n\t\t\t\t<\/div>\n\t\t<div class=\"elementor-element elementor-element-c06c420 e-con-full e-flex e-con e-child\" data-id=\"c06c420\" data-element_type=\"container\" data-e-type=\"container\">\n\t\t\t\t<div class=\"elementor-element elementor-element-b5f6ecd elementor-widget-tablet__width-inherit elementor-widget__width-initial elementor-widget elementor-widget-text-editor\" data-id=\"b5f6ecd\" data-element_type=\"widget\" data-e-type=\"widget\" data-widget_type=\"text-editor.default\">\n\t\t\t\t\t\t\t\t\t<p>10. Managing Cookies<\/p><p>You can accept, reject or delete cookies by changing your browser settings. However, disabling some cookies may cause some functions of the website not to function properly.<\/p><p>\u2e3b<\/p><p>11. Policy Updates<\/p><p>ELM reserves the right to update this KVKK and Cookie Policy in accordance with the applicable legislation. The updated text is always published on the website.<\/p>\t\t\t\t\t\t\t\t<\/div>\n\t\t\t\t<\/div>\n\t\t\t\t\t<\/div>\n\t\t\t\t<\/div>\n\t\t\t\t<\/div>\n\t\t\t\t<\/div>","protected":false},"excerpt":{"rendered":"<p>KVKK Politikas\u0131 1. Veri Sorumlusu Hakk\u0131nda Bilgilendirme Bu ayd\u0131nlatma metni, ELM D\u00f6k\u00fcm Makinalar\u0131 (\u201cELM\u201d) taraf\u0131ndan, 6698 say\u0131l\u0131 Ki\u015fisel Verilerin Korunmas\u0131 Kanunu (\u201cKVKK\u201d) uyar\u0131nca, ki\u015fisel verilerin i\u015flenmesine ili\u015fkin usul ve esaslar hakk\u0131nda ilgili ki\u015fileri bilgilendirmek amac\u0131yla haz\u0131rlanm\u0131\u015ft\u0131r. Adres: Konya 5. Organize Sanayi B\u00f6lgesi A\u015fa\u011f\u0131p\u0131narba\u015f\u0131 Mah. 523 Nolu Sk. No:4 Sel\u00e7uklu \/ Konya \/ T\u00dcRK\u0130YETelefon: +90 332&hellip;<\/p>","protected":false},"author":1,"featured_media":37095,"parent":0,"menu_order":20,"comment_status":"closed","ping_status":"closed","template":"","meta":{"_acf_changed":false,"footnotes":""},"class_list":["post-41148","page","type-page","status-publish","has-post-thumbnail","hentry"],"acf":[],"_links":{"self":[{"href":"https:\/\/elmdokum.com.tr\/en\/wp-json\/wp\/v2\/pages\/41148","targetHints":{"allow":["GET"]}}],"collection":[{"href":"https:\/\/elmdokum.com.tr\/en\/wp-json\/wp\/v2\/pages"}],"about":[{"href":"https:\/\/elmdokum.com.tr\/en\/wp-json\/wp\/v2\/types\/page"}],"author":[{"embeddable":true,"href":"https:\/\/elmdokum.com.tr\/en\/wp-json\/wp\/v2\/users\/1"}],"replies":[{"embeddable":true,"href":"https:\/\/elmdokum.com.tr\/en\/wp-json\/wp\/v2\/comments?post=41148"}],"version-history":[{"count":4,"href":"https:\/\/elmdokum.com.tr\/en\/wp-json\/wp\/v2\/pages\/41148\/revisions"}],"predecessor-version":[{"id":41153,"href":"https:\/\/elmdokum.com.tr\/en\/wp-json\/wp\/v2\/pages\/41148\/revisions\/41153"}],"wp:featuredmedia":[{"embeddable":true,"href":"https:\/\/elmdokum.com.tr\/en\/wp-json\/wp\/v2\/media\/37095"}],"wp:attachment":[{"href":"https:\/\/elmdokum.com.tr\/en\/wp-json\/wp\/v2\/media?parent=41148"}],"curies":[{"name":"wp","href":"https:\/\/api.w.org\/{rel}","templated":true}]}}