{"id":41155,"date":"2026-01-05T12:24:35","date_gmt":"2026-01-05T12:24:35","guid":{"rendered":"https:\/\/elmdokum.com.tr\/?page_id=41155"},"modified":"2026-03-04T11:02:45","modified_gmt":"2026-03-04T11:02:45","slug":"kariyer","status":"publish","type":"page","link":"https:\/\/elmdokum.com.tr\/en\/kariyer\/","title":{"rendered":"Career"},"content":{"rendered":"\t\t<div data-elementor-type=\"wp-page\" data-elementor-id=\"41155\" class=\"elementor elementor-41155\" data-elementor-post-type=\"page\">\n\t\t\t\t<div class=\"elementor-element elementor-element-799d9fa e-con-full e-flex e-con e-parent\" data-id=\"799d9fa\" data-element_type=\"container\" data-e-type=\"container\">\n\t\t<div class=\"elementor-element elementor-element-1e89f05 e-flex e-con-boxed e-con e-child\" data-id=\"1e89f05\" data-element_type=\"container\" data-e-type=\"container\">\n\t\t\t\t\t<div class=\"e-con-inner\">\n\t\t<div class=\"elementor-element elementor-element-6ecd501 e-con-full e-flex e-con e-child\" data-id=\"6ecd501\" data-element_type=\"container\" data-e-type=\"container\">\n\t\t\t\t<div class=\"elementor-element elementor-element-aad1bfb content-align-right the7-hover-visibility-disabled preserve-img-ratio-cover transform-overlay-yes exceeding-frame-yes elementor-widget elementor-widget-the7-image-widget\" data-id=\"aad1bfb\" data-element_type=\"widget\" data-e-type=\"widget\" data-settings=\"{&quot;hover_visibility&quot;:&quot;disabled&quot;}\" data-widget_type=\"the7-image-widget.default\">\n\t\t\t\t<div class=\"elementor-widget-container\">\n\t\t\t\t\t<div class=\"the7-image-container\"><div class=\"the7-image-wrapper the7-elementor-widget the7-transform-container\"><div class=\"post-thumbnail-rollover layzr-bg img-css-resize-wrapper\"><img fetchpriority=\"high\" decoding=\"async\" width=\"1080\" height=\"1080\" src=\"data:image\/svg+xml,%3Csvg%20xmlns%3D&#039;http%3A%2F%2Fwww.w3.org%2F2000%2Fsvg&#039;%20viewBox%3D&#039;0%200%201080%201080&#039;%2F%3E\" class=\"attachment-full size-full preload-me aspect lazy lazy-load\" alt=\"\" sizes=\"(max-width: 1080px) 100vw, 1080px\" style=\"--ratio: 1080 \/ 1080;\" data-src=\"https:\/\/elmdokum.com.tr\/wp-content\/uploads\/2026\/01\/Guven-ve-Is-Birligi-min.jpg\" loading=\"eager\" data-srcset=\"https:\/\/elmdokum.com.tr\/wp-content\/uploads\/2026\/01\/Guven-ve-Is-Birligi-min.jpg 1080w, https:\/\/elmdokum.com.tr\/wp-content\/uploads\/2026\/01\/Guven-ve-Is-Birligi-min-1000x1000.jpg 1000w, https:\/\/elmdokum.com.tr\/wp-content\/uploads\/2026\/01\/Guven-ve-Is-Birligi-min-200x200.jpg 200w, https:\/\/elmdokum.com.tr\/wp-content\/uploads\/2026\/01\/Guven-ve-Is-Birligi-min-300x300.jpg 300w, https:\/\/elmdokum.com.tr\/wp-content\/uploads\/2026\/01\/Guven-ve-Is-Birligi-min-1024x1024.jpg 1024w, https:\/\/elmdokum.com.tr\/wp-content\/uploads\/2026\/01\/Guven-ve-Is-Birligi-min-150x150.jpg 150w, https:\/\/elmdokum.com.tr\/wp-content\/uploads\/2026\/01\/Guven-ve-Is-Birligi-min-768x768.jpg 768w\" \/><\/div><\/div><\/div>\t\t\t\t<\/div>\n\t\t\t\t<\/div>\n\t\t\t\t<\/div>\n\t\t<div class=\"elementor-element elementor-element-627bb14 e-con-full e-flex e-con e-child\" data-id=\"627bb14\" data-element_type=\"container\" data-e-type=\"container\">\n\t\t\t\t<div class=\"elementor-element elementor-element-bedd6ca elementor-widget-tablet__width-inherit elementor-widget elementor-widget-the7-heading\" data-id=\"bedd6ca\" data-element_type=\"widget\" data-e-type=\"widget\" data-widget_type=\"the7-heading.default\">\n\t\t\t\t<div class=\"elementor-widget-container\">\n\t\t\t\t\t<div class=\"the7-heading-title elementor-size-default\">ELM\u2019de Kariyer<\/div>\t\t\t\t<\/div>\n\t\t\t\t<\/div>\n\t\t\t\t<div class=\"elementor-element elementor-element-ebd8efb elementor-widget-tablet__width-inherit elementor-widget elementor-widget-text-editor\" data-id=\"ebd8efb\" data-element_type=\"widget\" data-e-type=\"widget\" data-widget_type=\"text-editor.default\">\n\t\t\t\t\t\t\t\t\t<p class=\"p1\">ELM D\u00f6k\u00fcm Makinalar\u0131\u2019nda kariyer; teknik bilgi, m\u00fchendislik disiplini ve sorumluluk bilincinin birlikte geli\u015fti\u011fi uzun soluklu bir yolculuktur. \u00dcretimden projelendirmeye kadar her alanda, de\u011fer \u00fcreten ve geli\u015fime a\u00e7\u0131k ekip arkada\u015flar\u0131yla \u00e7al\u0131\u015fmay\u0131 \u00f6nemsiyoruz.<\/p>\t\t\t\t\t\t\t\t<\/div>\n\t\t\t\t<div class=\"elementor-element elementor-element-43a92e2 elementor-icon-list--layout-traditional elementor-list-item-link-full_width elementor-widget elementor-widget-icon-list\" data-id=\"43a92e2\" data-element_type=\"widget\" data-e-type=\"widget\" data-widget_type=\"icon-list.default\">\n\t\t\t\t\t\t\t<ul class=\"elementor-icon-list-items\">\n\t\t\t\t\t\t\t<li class=\"elementor-icon-list-item\">\n\t\t\t\t\t\t\t\t\t\t\t<span class=\"elementor-icon-list-icon\">\n\t\t\t\t\t\t\t<svg xmlns=\"http:\/\/www.w3.org\/2000\/svg\" width=\"56\" height=\"56\" fill=\"#000000\" viewBox=\"0 0 256 256\"><path d=\"M232.49,80.49l-128,128a12,12,0,0,1-17,0l-56-56a12,12,0,1,1,17-17L96,183,215.51,63.51a12,12,0,0,1,17,17Z\"><\/path><\/svg>\t\t\t\t\t\t<\/span>\n\t\t\t\t\t\t\t\t\t\t<span class=\"elementor-icon-list-text\">M\u00fchendislik Odakl\u0131 \u00c7al\u0131\u015fma Ortam\u0131<\/span>\n\t\t\t\t\t\t\t\t\t<\/li>\n\t\t\t\t\t\t\t\t<li class=\"elementor-icon-list-item\">\n\t\t\t\t\t\t\t\t\t\t\t<span class=\"elementor-icon-list-icon\">\n\t\t\t\t\t\t\t<svg xmlns=\"http:\/\/www.w3.org\/2000\/svg\" width=\"56\" height=\"56\" fill=\"#000000\" viewBox=\"0 0 256 256\"><path d=\"M232.49,80.49l-128,128a12,12,0,0,1-17,0l-56-56a12,12,0,1,1,17-17L96,183,215.51,63.51a12,12,0,0,1,17,17Z\"><\/path><\/svg>\t\t\t\t\t\t<\/span>\n\t\t\t\t\t\t\t\t\t\t<span class=\"elementor-icon-list-text\">Geli\u015fim ve \u00d6\u011frenme<\/span>\n\t\t\t\t\t\t\t\t\t<\/li>\n\t\t\t\t\t\t\t\t<li class=\"elementor-icon-list-item\">\n\t\t\t\t\t\t\t\t\t\t\t<span class=\"elementor-icon-list-icon\">\n\t\t\t\t\t\t\t<svg xmlns=\"http:\/\/www.w3.org\/2000\/svg\" width=\"56\" height=\"56\" fill=\"#000000\" viewBox=\"0 0 256 256\"><path d=\"M232.49,80.49l-128,128a12,12,0,0,1-17,0l-56-56a12,12,0,1,1,17-17L96,183,215.51,63.51a12,12,0,0,1,17,17Z\"><\/path><\/svg>\t\t\t\t\t\t<\/span>\n\t\t\t\t\t\t\t\t\t\t<span class=\"elementor-icon-list-text\">Uzun Vadeli \u0130\u015f Birli\u011fi<\/span>\n\t\t\t\t\t\t\t\t\t<\/li>\n\t\t\t\t\t\t<\/ul>\n\t\t\t\t\t\t<\/div>\n\t\t\t\t<\/div>\n\t\t\t\t\t<\/div>\n\t\t\t\t<\/div>\n\t\t\t\t<div class=\"elementor-element elementor-element-d1d9eaf elementor-widget elementor-widget-spacer\" data-id=\"d1d9eaf\" data-element_type=\"widget\" data-e-type=\"widget\" data-widget_type=\"spacer.default\">\n\t\t\t\t\t\t\t<div class=\"elementor-spacer\">\n\t\t\t<div class=\"elementor-spacer-inner\"><\/div>\n\t\t<\/div>\n\t\t\t\t\t\t<\/div>\n\t\t\t\t<\/div>\n\t\t<div class=\"elementor-element elementor-element-ce8e717 e-flex e-con-boxed e-con e-child\" data-id=\"ce8e717\" data-element_type=\"container\" data-e-type=\"container\">\n\t\t\t\t\t<div class=\"e-con-inner\">\n\t\t<div class=\"elementor-element elementor-element-90b0025 e-con-full e-flex e-con e-child\" data-id=\"90b0025\" data-element_type=\"container\" data-e-type=\"container\">\n\t\t<div class=\"elementor-element elementor-element-1d80fa8 e-con-full e-flex e-con e-child\" data-id=\"1d80fa8\" data-element_type=\"container\" data-e-type=\"container\">\n\t\t\t\t<div class=\"elementor-element elementor-element-8847180 elementor-widget elementor-widget-the7-heading\" data-id=\"8847180\" data-element_type=\"widget\" data-e-type=\"widget\" data-widget_type=\"the7-heading.default\">\n\t\t\t\t<div class=\"elementor-widget-container\">\n\t\t\t\t\t<h2 class=\"the7-heading-title elementor-size-default\">ELM Kariyer<\/h2>\t\t\t\t<\/div>\n\t\t\t\t<\/div>\n\t\t\t\t<div class=\"elementor-element elementor-element-d564d88 elementor-widget-tablet__width-inherit elementor-widget elementor-widget-text-editor\" data-id=\"d564d88\" data-element_type=\"widget\" data-e-type=\"widget\" data-widget_type=\"text-editor.default\">\n\t\t\t\t\t\t\t\t\t<p class=\"p1\"><b>ELM\u2019de Kariyer F\u0131rsatlar\u0131 Seni Bekliyor<\/b><\/p>\t\t\t\t\t\t\t\t<\/div>\n\t\t\t\t<div class=\"elementor-element elementor-element-65be287 elementor-widget-tablet__width-inherit elementor-widget elementor-widget-text-editor\" data-id=\"65be287\" data-element_type=\"widget\" data-e-type=\"widget\" data-widget_type=\"text-editor.default\">\n\t\t\t\t\t\t\t\t\t<p class=\"p1\">ELM D\u00f6k\u00fcm Makinalar\u0131 olarak; m\u00fchendisli\u011fi, \u00fcretimi ve s\u00fcrekli geli\u015fimi merkeze alan bir ekip k\u00fclt\u00fcr\u00fcne sahibiz. Alan\u0131nda yetkin, \u00f6\u011frenmeye a\u00e7\u0131k ve birlikte \u00fcretmenin de\u011ferine inanan profesyonellerle yol almak istiyoruz. E\u011fer sen de g\u00fc\u00e7l\u00fc bir sanayi markas\u0131n\u0131n par\u00e7as\u0131 olmak ve kariyerini uzun vadeli bir vizyonla geli\u015ftirmek istiyorsan, ba\u015fvurunu bizimle payla\u015fabilirsin.<\/p><p>\u00a0<\/p><p class=\"p1\">Yandaki formu doldurarak ELM ekibine ilk ad\u0131m\u0131 atabilirsin. Uygun pozisyonlar i\u00e7in ba\u015fvurular\u0131n titizlikle de\u011ferlendirilecektir.<\/p>\t\t\t\t\t\t\t\t<\/div>\n\t\t\t\t<\/div>\n\t\t\t\t<\/div>\n\t\t<div class=\"elementor-element elementor-element-3cfede0 e-con-full e-flex e-con e-child\" data-id=\"3cfede0\" data-element_type=\"container\" data-e-type=\"container\" data-settings=\"{&quot;background_background&quot;:&quot;classic&quot;}\">\n\t\t\t\t<div class=\"elementor-element elementor-element-d9bf896 elementor-widget elementor-widget-the7-heading\" data-id=\"d9bf896\" data-element_type=\"widget\" data-e-type=\"widget\" data-widget_type=\"the7-heading.default\">\n\t\t\t\t<div class=\"elementor-widget-container\">\n\t\t\t\t\t<h3 class=\"the7-heading-title elementor-size-default\">Size Nas\u0131l Yard\u0131mc\u0131 Olabiliriz?<\/h3>\t\t\t\t<\/div>\n\t\t\t\t<\/div>\n\t\t\t\t<div class=\"elementor-element elementor-element-f64a7a2 elementor-widget elementor-widget-text-editor\" data-id=\"f64a7a2\" data-element_type=\"widget\" data-e-type=\"widget\" data-widget_type=\"text-editor.default\">\n\t\t\t\t\t\t\t\t\t<p>Sizlere yard\u0131mc\u0131 olmaktan mutluluk duyaca\u011f\u0131z.<\/p>\t\t\t\t\t\t\t\t<\/div>\n\t\t\t\t<div class=\"elementor-element elementor-element-71f9e0b elementor-widget__width-inherit elementor-button-align-stretch elementor-widget elementor-widget-form\" data-id=\"71f9e0b\" data-element_type=\"widget\" data-e-type=\"widget\" data-settings=\"{&quot;step_next_label&quot;:&quot;Next&quot;,&quot;step_previous_label&quot;:&quot;Previous&quot;,&quot;button_width&quot;:&quot;100&quot;,&quot;step_type&quot;:&quot;number_text&quot;,&quot;step_icon_shape&quot;:&quot;circle&quot;}\" data-widget_type=\"form.default\">\n\t\t\t\t\t\t\t<form class=\"elementor-form\" method=\"post\" name=\"New Form\" aria-label=\"New Form\">\n\t\t\t<input type=\"hidden\" name=\"post_id\" value=\"41155\"\/>\n\t\t\t<input type=\"hidden\" name=\"form_id\" value=\"71f9e0b\"\/>\n\t\t\t<input type=\"hidden\" name=\"referer_title\" value=\"Kariyer\" \/>\n\n\t\t\t\t\t\t\t<input type=\"hidden\" name=\"queried_id\" value=\"41155\"\/>\n\t\t\t\n\t\t\t<div class=\"elementor-form-fields-wrapper elementor-labels-above\">\n\t\t\t\t\t\t\t\t<div class=\"elementor-field-type-text elementor-field-group elementor-column elementor-field-group-name elementor-col-50 elementor-md-100 elementor-field-required elementor-mark-required\">\n\t\t\t\t\t\t\t\t\t\t\t\t<label for=\"form-field-name\" class=\"elementor-field-label\">\n\t\t\t\t\t\t\t\t\u0130sim Soyisim\t\t\t\t\t\t\t<\/label>\n\t\t\t\t\t\t\t\t\t\t\t\t\t\t<input size=\"1\" type=\"text\" name=\"form_fields[name]\" id=\"form-field-name\" class=\"elementor-field elementor-size-md  elementor-field-textual\" placeholder=\"\u0130sim Soyisim\" required=\"required\">\n\t\t\t\t\t\t\t\t\t\t\t<\/div>\n\t\t\t\t\t\t\t\t<div class=\"elementor-field-type-email elementor-field-group elementor-column elementor-field-group-email elementor-col-50 elementor-md-100 elementor-field-required elementor-mark-required\">\n\t\t\t\t\t\t\t\t\t\t\t\t<label for=\"form-field-email\" class=\"elementor-field-label\">\n\t\t\t\t\t\t\t\tEmail\t\t\t\t\t\t\t<\/label>\n\t\t\t\t\t\t\t\t\t\t\t\t\t\t<input size=\"1\" type=\"email\" name=\"form_fields[email]\" id=\"form-field-email\" class=\"elementor-field elementor-size-md  elementor-field-textual\" placeholder=\"Email\" required=\"required\">\n\t\t\t\t\t\t\t\t\t\t\t<\/div>\n\t\t\t\t\t\t\t\t<div class=\"elementor-field-type-text elementor-field-group elementor-column elementor-field-group-field_2074ad8 elementor-col-50 elementor-md-100\">\n\t\t\t\t\t\t\t\t\t\t\t\t<label for=\"form-field-field_2074ad8\" class=\"elementor-field-label\">\n\t\t\t\t\t\t\t\tT.C. Numaran\u0131z\t\t\t\t\t\t\t<\/label>\n\t\t\t\t\t\t\t\t\t\t\t\t\t\t<input size=\"1\" type=\"text\" name=\"form_fields[field_2074ad8]\" id=\"form-field-field_2074ad8\" class=\"elementor-field elementor-size-md  elementor-field-textual\" placeholder=\"T.C. Numaran\u0131z\">\n\t\t\t\t\t\t\t\t\t\t\t<\/div>\n\t\t\t\t\t\t\t\t<div class=\"elementor-field-type-text elementor-field-group elementor-column elementor-field-group-field_6f5281b elementor-col-50 elementor-md-100\">\n\t\t\t\t\t\t\t\t\t\t\t\t<label for=\"form-field-field_6f5281b\" class=\"elementor-field-label\">\n\t\t\t\t\t\t\t\tTelefon\t\t\t\t\t\t\t<\/label>\n\t\t\t\t\t\t\t\t\t\t\t\t\t\t<input size=\"1\" type=\"text\" name=\"form_fields[field_6f5281b]\" id=\"form-field-field_6f5281b\" class=\"elementor-field elementor-size-md  elementor-field-textual\" placeholder=\"Telefon\">\n\t\t\t\t\t\t\t\t\t\t\t<\/div>\n\t\t\t\t\t\t\t\t<div class=\"elementor-field-type-textarea elementor-field-group elementor-column elementor-field-group-message elementor-col-100\">\n\t\t\t\t\t\t\t\t\t\t\t\t<label for=\"form-field-message\" class=\"elementor-field-label\">\n\t\t\t\t\t\t\t\t\u0130\u015f Pozisyonu\t\t\t\t\t\t\t<\/label>\n\t\t\t\t\t\t<textarea class=\"elementor-field-textual elementor-field  elementor-size-md\" name=\"form_fields[message]\" id=\"form-field-message\" rows=\"7\" placeholder=\"\u0130\u015f Pozisyonu\"><\/textarea>\t\t\t\t<\/div>\n\t\t\t\t\t\t\t\t<div class=\"elementor-field-type-upload elementor-field-group elementor-column elementor-field-group-field_6633e24 elementor-col-100\">\n\t\t\t\t\t\t\t\t\t\t\t\t<label for=\"form-field-field_6633e24\" class=\"elementor-field-label\">\n\t\t\t\t\t\t\t\tCV'niz\t\t\t\t\t\t\t<\/label>\n\t\t\t\t\t\t\t\t<input type=\"file\" name=\"form_fields[field_6633e24]\" id=\"form-field-field_6633e24\" class=\"elementor-field elementor-size-md  elementor-upload-field\">\n\n\t\t\t\t\t\t<\/div>\n\t\t\t\t\t\t\t\t<div class=\"elementor-field-group elementor-column elementor-field-type-submit elementor-col-100 e-form__buttons\">\n\t\t\t\t\t<button class=\"elementor-button elementor-size-lg\" type=\"submit\">\n\t\t\t\t\t\t<span class=\"elementor-button-content-wrapper\">\n\t\t\t\t\t\t\t\t\t\t\t\t\t\t\t\t\t\t\t\t\t\t<span class=\"elementor-button-text\">G\u00f6nder<\/span>\n\t\t\t\t\t\t\t\t\t\t\t\t\t<\/span>\n\t\t\t\t\t<\/button>\n\t\t\t\t<\/div>\n\t\t\t<\/div>\n\t\t<\/form>\n\t\t\t\t\t\t<\/div>\n\t\t\t\t<\/div>\n\t\t\t\t\t<\/div>\n\t\t\t\t<\/div>\n\t\t\t\t<\/div>\n\t\t","protected":false},"excerpt":{"rendered":"<p>ELM\u2019de Kariyer ELM D\u00f6k\u00fcm Makinalar\u0131\u2019nda kariyer; teknik bilgi, m\u00fchendislik disiplini ve sorumluluk bilincinin birlikte geli\u015fti\u011fi uzun soluklu bir yolculuktur. \u00dcretimden projelendirmeye kadar her alanda, de\u011fer \u00fcreten ve geli\u015fime a\u00e7\u0131k ekip arkada\u015flar\u0131yla \u00e7al\u0131\u015fmay\u0131 \u00f6nemsiyoruz. M\u00fchendislik Odakl\u0131 \u00c7al\u0131\u015fma Ortam\u0131 Geli\u015fim ve \u00d6\u011frenme Uzun Vadeli \u0130\u015f Birli\u011fi ELM Kariyer ELM\u2019de Kariyer F\u0131rsatlar\u0131 Seni Bekliyor ELM D\u00f6k\u00fcm Makinalar\u0131 olarak;&hellip;<\/p>","protected":false},"author":1,"featured_media":37135,"parent":0,"menu_order":10,"comment_status":"closed","ping_status":"closed","template":"","meta":{"_acf_changed":false,"footnotes":""},"class_list":["post-41155","page","type-page","status-publish","has-post-thumbnail","hentry"],"acf":[],"_links":{"self":[{"href":"https:\/\/elmdokum.com.tr\/en\/wp-json\/wp\/v2\/pages\/41155","targetHints":{"allow":["GET"]}}],"collection":[{"href":"https:\/\/elmdokum.com.tr\/en\/wp-json\/wp\/v2\/pages"}],"about":[{"href":"https:\/\/elmdokum.com.tr\/en\/wp-json\/wp\/v2\/types\/page"}],"author":[{"embeddable":true,"href":"https:\/\/elmdokum.com.tr\/en\/wp-json\/wp\/v2\/users\/1"}],"replies":[{"embeddable":true,"href":"https:\/\/elmdokum.com.tr\/en\/wp-json\/wp\/v2\/comments?post=41155"}],"version-history":[{"count":31,"href":"https:\/\/elmdokum.com.tr\/en\/wp-json\/wp\/v2\/pages\/41155\/revisions"}],"predecessor-version":[{"id":41793,"href":"https:\/\/elmdokum.com.tr\/en\/wp-json\/wp\/v2\/pages\/41155\/revisions\/41793"}],"wp:featuredmedia":[{"embeddable":true,"href":"https:\/\/elmdokum.com.tr\/en\/wp-json\/wp\/v2\/media\/37135"}],"wp:attachment":[{"href":"https:\/\/elmdokum.com.tr\/en\/wp-json\/wp\/v2\/media?parent=41155"}],"curies":[{"name":"wp","href":"https:\/\/api.w.org\/{rel}","templated":true}]}}