{"id":41587,"date":"2026-01-11T08:47:38","date_gmt":"2026-01-11T08:47:38","guid":{"rendered":"https:\/\/elmdokum.com.tr\/?page_id=41587"},"modified":"2026-01-20T08:23:31","modified_gmt":"2026-01-20T08:23:31","slug":"is-ortakligi","status":"publish","type":"page","link":"https:\/\/elmdokum.com.tr\/en\/is-ortakligi\/","title":{"rendered":"Business Partnership"},"content":{"rendered":"<div data-elementor-type=\"wp-page\" data-elementor-id=\"41587\" class=\"elementor elementor-41587\" data-elementor-post-type=\"page\">\n\t\t\t\t<div class=\"elementor-element elementor-element-77872aa e-flex e-con-boxed e-con e-parent\" data-id=\"77872aa\" data-element_type=\"container\" data-e-type=\"container\">\n\t\t\t\t\t<div class=\"e-con-inner\">\n\t\t<div class=\"elementor-element elementor-element-1091e52 e-con-full e-flex e-con e-child\" data-id=\"1091e52\" data-element_type=\"container\" data-e-type=\"container\">\n\t\t\t\t<div class=\"elementor-element elementor-element-333c70d elementor-position-top elementor-widget elementor-widget-image-box\" data-id=\"333c70d\" data-element_type=\"widget\" data-e-type=\"widget\" data-widget_type=\"image-box.default\">\n\t\t\t\t\t<div class=\"elementor-image-box-wrapper\"><figure class=\"elementor-image-box-img\"><img decoding=\"async\" width=\"265\" height=\"50\" src=\"https:\/\/elmdokum.com.tr\/wp-content\/uploads\/2026\/01\/667b740f76844-2-1.png\" class=\"attachment-full size-full wp-image-41689\" alt=\"\" \/><\/figure><div class=\"elementor-image-box-content\"><p class=\"elementor-image-box-description\">Chleading has signed a co-operation agreement with ELM Foundry Machinery, operating in the field of foundry machinery. Within the scope of this agreement, it is aimed to present ELM's engineering-oriented machine solutions more effectively in different markets and to develop mutual technical cooperation.<\/p><\/div><\/div>\t\t\t\t<\/div>\n\t\t\t\t<\/div>\n\t\t<div class=\"elementor-element elementor-element-e3962d0 e-con-full e-flex e-con e-child\" data-id=\"e3962d0\" data-element_type=\"container\" data-e-type=\"container\">\n\t\t\t\t<div class=\"elementor-element elementor-element-7e468b2 elementor-position-top elementor-widget elementor-widget-image-box\" data-id=\"7e468b2\" data-element_type=\"widget\" data-e-type=\"widget\" data-widget_type=\"image-box.default\">\n\t\t\t\t\t<div class=\"elementor-image-box-wrapper\"><figure class=\"elementor-image-box-img\"><img fetchpriority=\"high\" decoding=\"async\" width=\"800\" height=\"280\" src=\"https:\/\/elmdokum.com.tr\/wp-content\/uploads\/2026\/01\/\u5de8\u80fd\u673a\u68b0logo-1.webp\" class=\"attachment-full size-full wp-image-41690\" alt=\"\" srcset=\"https:\/\/elmdokum.com.tr\/wp-content\/uploads\/2026\/01\/\u5de8\u80fd\u673a\u68b0logo-1.webp 800w, https:\/\/elmdokum.com.tr\/wp-content\/uploads\/2026\/01\/\u5de8\u80fd\u673a\u68b0logo-1-300x105.webp 300w, https:\/\/elmdokum.com.tr\/wp-content\/uploads\/2026\/01\/\u5de8\u80fd\u673a\u68b0logo-1-768x269.webp 768w\" sizes=\"(max-width: 800px) 100vw, 800px\" \/><\/figure><div class=\"elementor-image-box-content\"><p class=\"elementor-image-box-description\">Juneng Machinery has signed a cooperation that combines its experience in the field of foundry machinery with ELM Foundry Machinery. In this context, it is aimed to increase technical capacity and develop international joint solutions.<\/p><\/div><\/div>\t\t\t\t<\/div>\n\t\t\t\t<\/div>\n\t\t\t\t\t<\/div>\n\t\t\t\t<\/div>\n\t\t<div class=\"elementor-element elementor-element-23cb686 e-flex e-con-boxed e-con e-parent\" data-id=\"23cb686\" data-element_type=\"container\" data-e-type=\"container\">\n\t\t\t\t\t<div class=\"e-con-inner\">\n\t\t\t\t<div class=\"elementor-element elementor-element-cf1cfbd elementor-widget-loop-the7-post-loop elementor-widget elementor-widget-the7-post-loop\" data-id=\"cf1cfbd\" data-element_type=\"widget\" data-e-type=\"widget\" data-settings=\"{&quot;template_id&quot;:&quot;40746&quot;,&quot;columns&quot;:2,&quot;columns_tablet&quot;:2,&quot;columns_mobile&quot;:1,&quot;columns_gap&quot;:{&quot;unit&quot;:&quot;px&quot;,&quot;size&quot;:30,&quot;sizes&quot;:[]},&quot;columns_gap_widescreen&quot;:{&quot;unit&quot;:&quot;px&quot;,&quot;size&quot;:&quot;&quot;,&quot;sizes&quot;:[]},&quot;columns_gap_laptop&quot;:{&quot;unit&quot;:&quot;px&quot;,&quot;size&quot;:&quot;&quot;,&quot;sizes&quot;:[]},&quot;columns_gap_tablet_extra&quot;:{&quot;unit&quot;:&quot;px&quot;,&quot;size&quot;:&quot;&quot;,&quot;sizes&quot;:[]},&quot;columns_gap_tablet&quot;:{&quot;unit&quot;:&quot;px&quot;,&quot;size&quot;:&quot;&quot;,&quot;sizes&quot;:[]},&quot;columns_gap_mobile_extra&quot;:{&quot;unit&quot;:&quot;px&quot;,&quot;size&quot;:&quot;&quot;,&quot;sizes&quot;:[]},&quot;columns_gap_mobile&quot;:{&quot;unit&quot;:&quot;px&quot;,&quot;size&quot;:&quot;&quot;,&quot;sizes&quot;:[]},&quot;rows_gap&quot;:{&quot;unit&quot;:&quot;px&quot;,&quot;size&quot;:&quot;30&quot;,&quot;sizes&quot;:[]},&quot;rows_gap_widescreen&quot;:{&quot;unit&quot;:&quot;px&quot;,&quot;size&quot;:&quot;&quot;,&quot;sizes&quot;:[]},&quot;rows_gap_laptop&quot;:{&quot;unit&quot;:&quot;px&quot;,&quot;size&quot;:&quot;&quot;,&quot;sizes&quot;:[]},&quot;rows_gap_tablet_extra&quot;:{&quot;unit&quot;:&quot;px&quot;,&quot;size&quot;:&quot;&quot;,&quot;sizes&quot;:[]},&quot;rows_gap_tablet&quot;:{&quot;unit&quot;:&quot;px&quot;,&quot;size&quot;:&quot;&quot;,&quot;sizes&quot;:[]},&quot;rows_gap_mobile_extra&quot;:{&quot;unit&quot;:&quot;px&quot;,&quot;size&quot;:&quot;&quot;,&quot;sizes&quot;:[]},&quot;rows_gap_mobile&quot;:{&quot;unit&quot;:&quot;px&quot;,&quot;size&quot;:&quot;&quot;,&quot;sizes&quot;:[]},&quot;show_categories_filter&quot;:&quot;hide&quot;}\" data-widget_type=\"the7-post-loop.post\">\n\t\t\t\t<div class=\"elementor-widget-container\">\n\t\t\t\t\t\t\t<div class=\"the7-elementor-widget loading-effect-none jquery-filter\" data-post-limit=\"-1\" data-pagination-mode=\"none\" data-paged=\"1\" aria-live=\"assertive\">\n\t\t\t\t\t\t<div class=\"sGrid-container elementor-loop-container\">\n\t\t\t\t<style id=\"loop-40746\">.elementor-40746 .elementor-element.elementor-element-4124e5ac{--display:flex;--flex-direction:column;--container-widget-width:100%;--container-widget-height:initial;--container-widget-flex-grow:0;--container-widget-align-self:initial;--flex-wrap-mobile:wrap;--gap:0px 0px;--row-gap:0px;--column-gap:0px;--padding-top:0px;--padding-bottom:0px;--padding-left:0px;--padding-right:0px;--e-con-transform-transition-duration:600ms;}.elementor-40746 .elementor-element.elementor-element-6a3dcc1{--display:flex;--width:82%;--flex-direction:column;--container-widget-width:calc( ( 1 - var( --container-widget-flex-grow ) ) * 100% );--container-widget-height:initial;--container-widget-flex-grow:0;--container-widget-align-self:initial;--flex-wrap-mobile:wrap;--justify-content:center;--align-items:center;--gap:0px 0px;--row-gap:0px;--column-gap:0px;border-style:solid;--border-style:solid;border-width:2px 2px 2px 2px;--border-top-width:2px;--border-right-width:2px;--border-bottom-width:2px;--border-left-width:2px;border-color:#EC5C0C;--border-color:#EC5C0C;--border-radius:20px 20px 20px 20px;box-shadow:0px 5px 33px 0px rgba(64, 92.00000000000006, 146, 0.25);--padding-top:20px;--padding-bottom:20px;--padding-left:20px;--padding-right:20px;--e-con-transform-transition-duration:300ms;}.elementor-40746 .elementor-element.elementor-element-6a3dcc1:not(.elementor-motion-effects-element-type-background), .elementor-40746 .elementor-element.elementor-element-6a3dcc1 > .elementor-motion-effects-container > .elementor-motion-effects-layer{background-color:var( --e-global-color-el_c_bg_main );}.elementor-40746 .elementor-element.elementor-element-6a3dcc1:hover{box-shadow:6px 12px 30px 0px rgba(0, 0, 0, 0.71);}.elementor-40746 .elementor-element.elementor-element-6a3dcc1.e-con{--align-self:center;}.elementor-40746 .elementor-element.elementor-element-b367695 .the7-image-container{align-items:flex-start;text-align:left;}.elementor-40746 .elementor-element.elementor-element-b367695{--overlay-opacity:0;--overlay-display:none;--overlay-hover-opacity:0;--the7-img-object-fit:var(--object-fit);--the7-img-width:var(--ratio-img-width);--the7-img-height:var(--ratio-img-height);--the7-img-max-height:var(--max-height);--the7-img-max-width:var(--max-width);--box-width:var(--image-size, var(--ratio-img-width));--the7-img-ratio:var(--aspect-ratio, var(--ratio));--transition-overlay-timing:ease-out;--transition-overlay-duration:300ms;--transition-overlay-duration-out:300ms;--transition-img-forward-duration:300ms;--transition-img-back-duration:300ms;}.elementor-40746 .elementor-element.elementor-element-b367695 .the7-image-wrapper, .elementor-40746 .elementor-element.elementor-element-b367695 .post-thumbnail-rollover, .elementor-40746 .elementor-element.elementor-element-b367695 .post-thumbnail-rollover img{border-radius:12px 12px 0px 0px;}.elementor-40746 .elementor-element.elementor-element-b367695 .post-thumbnail-rollover img{opacity:calc(100\/100);}\n\t\t\t\t\t.elementor-40746 .elementor-element.elementor-element-b367695 .the7-image-wrapper:hover img {opacity:calc(100\/100);}.elementor-40746 .elementor-element.elementor-element-b367695 .post-thumbnail-rollover, .elementor-40746 .elementor-element.elementor-element-b367695 .the7-transform-container{overflow:visible;}.elementor-40746 .elementor-element.elementor-element-f211926{text-align:center;font-family:var( --e-global-typography-el_f_accent_xl-font-family ), Sans-serif;font-size:var( --e-global-typography-el_f_accent_xl-font-size );font-weight:var( --e-global-typography-el_f_accent_xl-font-weight );font-style:var( --e-global-typography-el_f_accent_xl-font-style );text-decoration:var( --e-global-typography-el_f_accent_xl-text-decoration );line-height:var( --e-global-typography-el_f_accent_xl-line-height );color:var( --e-global-color-el_c_1_text );--textColor:var( --e-global-color-el_c_1_text );margin:20px 0px calc(var(--kit-widget-spacing, 0px) + 0px) 0px;z-index:2;}.elementor-40746 .elementor-element.elementor-element-f211926.elementor-element{--align-self:center;}@media(max-width:1366px){.elementor-40746 .elementor-element.elementor-element-f211926{font-size:var( --e-global-typography-el_f_accent_xl-font-size );line-height:var( --e-global-typography-el_f_accent_xl-line-height );}}@media(min-width:651px){.elementor-40746 .elementor-element.elementor-element-4124e5ac{--content-width:1300px;}}@media(min-width:1600px){.elementor-40746 .elementor-element.elementor-element-6a3dcc1{--flex-wrap:nowrap;}.elementor-40746 .elementor-element.elementor-element-f211926{font-size:var( --e-global-typography-el_f_accent_xl-font-size );line-height:var( --e-global-typography-el_f_accent_xl-line-height );}.elementor-40746 .elementor-element.elementor-element-f211926.elementor-element{--align-self:stretch;}}@media(max-width:1024px){.elementor-40746 .elementor-element.elementor-element-6a3dcc1{--flex-wrap:nowrap;}.elementor-40746 .elementor-element.elementor-element-f211926{font-size:var( --e-global-typography-el_f_accent_xl-font-size );line-height:var( --e-global-typography-el_f_accent_xl-line-height );}}@media(max-width:880px){.elementor-40746 .elementor-element.elementor-element-4124e5ac{--padding-top:0px;--padding-bottom:0px;--padding-left:0px;--padding-right:0px;}.elementor-40746 .elementor-element.elementor-element-6a3dcc1{--padding-top:40px;--padding-bottom:40px;--padding-left:30px;--padding-right:30px;}}@media(max-width:650px){.elementor-40746 .elementor-element.elementor-element-6a3dcc1{--flex-direction:column;--container-widget-width:100%;--container-widget-height:initial;--container-widget-flex-grow:0;--container-widget-align-self:initial;--flex-wrap-mobile:wrap;}.elementor-40746 .elementor-element.elementor-element-f211926{font-size:var( --e-global-typography-el_f_accent_xl-font-size );line-height:var( --e-global-typography-el_f_accent_xl-line-height );}}<\/style>\t\t<div data-elementor-type=\"loop-item\" data-elementor-id=\"40746\" class=\"elementor elementor-40746 visible wf-cell e-loop-item e-loop-item-41758 post-41758 elm-urun type-elm-urun status-publish has-post-thumbnail hentry category-is-ortaklari\" data-elementor-post-type=\"elementor_library\" post-id=\"41758\" date=\"2026-01-20T08:20:10+00:00\" name=\"Sand 3D Printer\" data-custom-edit-handle=\"1\">\n\t\t\t<div class=\"elementor-element elementor-element-4124e5ac e-flex e-con-boxed e-con e-parent\" data-id=\"4124e5ac\" data-element_type=\"container\" data-e-type=\"container\" data-settings=\"{&quot;background_background&quot;:&quot;classic&quot;}\">\n\t\t\t\t\t<div class=\"e-con-inner\">\n\t\t<div class=\"elementor-element elementor-element-6a3dcc1 e-con-full e-flex e-con e-child\" data-id=\"6a3dcc1\" data-element_type=\"container\" data-e-type=\"container\" data-settings=\"{&quot;background_background&quot;:&quot;classic&quot;}\">\n\t\t\t\t<div class=\"elementor-element elementor-element-b367695 content-align-left the7-hover-visibility-disabled transform-overlay-yes exceeding-frame-yes elementor-widget elementor-widget-the7-image-widget\" data-id=\"b367695\" data-element_type=\"widget\" data-e-type=\"widget\" data-settings=\"{&quot;hover_visibility&quot;:&quot;disabled&quot;}\" data-widget_type=\"the7-image-widget.default\">\n\t\t\t\t<div class=\"elementor-widget-container\">\n\t\t\t\t\t<div class=\"the7-image-container\"><div class=\"the7-image-wrapper the7-elementor-widget the7-transform-container\"><a class=\"post-thumbnail-rollover layzr-bg img-css-resize-wrapper\" href=\"https:\/\/elmdokum.com.tr\/en\/elm-urun\/sand-3d-printer\/\"><img decoding=\"async\" width=\"1280\" height=\"1280\" src=\"data:image\/svg+xml,%3Csvg%20xmlns%3D&#039;http%3A%2F%2Fwww.w3.org%2F2000%2Fsvg&#039;%20viewBox%3D&#039;0%200%201280%201280&#039;%2F%3E\" class=\"attachment-full size-full preload-me aspect lazy lazy-load\" alt=\"\" sizes=\"(max-width: 1280px) 100vw, 1280px\" style=\"--ratio: 1280 \/ 1280;\" data-src=\"https:\/\/elmdokum.com.tr\/wp-content\/uploads\/2026\/01\/ch-printer-machine-Photoroom-1.png\" loading=\"eager\" data-srcset=\"https:\/\/elmdokum.com.tr\/wp-content\/uploads\/2026\/01\/ch-printer-machine-Photoroom-1.png 1280w, https:\/\/elmdokum.com.tr\/wp-content\/uploads\/2026\/01\/ch-printer-machine-Photoroom-1-1000x1000.png 1000w, https:\/\/elmdokum.com.tr\/wp-content\/uploads\/2026\/01\/ch-printer-machine-Photoroom-1-200x200.png 200w, https:\/\/elmdokum.com.tr\/wp-content\/uploads\/2026\/01\/ch-printer-machine-Photoroom-1-300x300.png 300w, https:\/\/elmdokum.com.tr\/wp-content\/uploads\/2026\/01\/ch-printer-machine-Photoroom-1-1024x1024.png 1024w, https:\/\/elmdokum.com.tr\/wp-content\/uploads\/2026\/01\/ch-printer-machine-Photoroom-1-150x150.png 150w, https:\/\/elmdokum.com.tr\/wp-content\/uploads\/2026\/01\/ch-printer-machine-Photoroom-1-768x768.png 768w\" \/><\/a><\/div><\/div>\t\t\t\t<\/div>\n\t\t\t\t<\/div>\n\t\t\t\t<div class=\"elementor-element elementor-element-f211926 elementor-widget elementor-widget-text-editor\" data-id=\"f211926\" data-element_type=\"widget\" data-e-type=\"widget\" data-widget_type=\"text-editor.default\">\n\t\t\t\t\t\t\t\t\tSand 3D Printer\t\t\t\t\t\t\t\t<\/div>\n\t\t\t\t<\/div>\n\t\t\t\t\t<\/div>\n\t\t\t\t<\/div>\n\t\t\t\t<\/div>\n\t\t\t\t<div data-elementor-type=\"loop-item\" data-elementor-id=\"40746\" class=\"elementor elementor-40746 visible wf-cell e-loop-item e-loop-item-41685 post-41685 elm-urun type-elm-urun status-publish has-post-thumbnail hentry category-is-ortaklari\" data-elementor-post-type=\"elementor_library\" post-id=\"41685\" date=\"2026-01-03T10:04:56+00:00\" name=\"Yatay Kal\u0131plama Makinesi\" data-custom-edit-handle=\"1\">\n\t\t\t<div class=\"elementor-element elementor-element-4124e5ac e-flex e-con-boxed e-con e-parent\" data-id=\"4124e5ac\" data-element_type=\"container\" data-e-type=\"container\" data-settings=\"{&quot;background_background&quot;:&quot;classic&quot;}\">\n\t\t\t\t\t<div class=\"e-con-inner\">\n\t\t<div class=\"elementor-element elementor-element-6a3dcc1 e-con-full e-flex e-con e-child\" data-id=\"6a3dcc1\" data-element_type=\"container\" data-e-type=\"container\" data-settings=\"{&quot;background_background&quot;:&quot;classic&quot;}\">\n\t\t\t\t<div class=\"elementor-element elementor-element-b367695 content-align-left the7-hover-visibility-disabled transform-overlay-yes exceeding-frame-yes elementor-widget elementor-widget-the7-image-widget\" data-id=\"b367695\" data-element_type=\"widget\" data-e-type=\"widget\" data-settings=\"{&quot;hover_visibility&quot;:&quot;disabled&quot;}\" data-widget_type=\"the7-image-widget.default\">\n\t\t\t\t<div class=\"elementor-widget-container\">\n\t\t\t\t\t<div class=\"the7-image-container\"><div class=\"the7-image-wrapper the7-elementor-widget the7-transform-container\"><a class=\"post-thumbnail-rollover layzr-bg img-css-resize-wrapper\" href=\"https:\/\/elmdokum.com.tr\/en\/elm-urun\/yatay-kaliplama-makinesi\/\"><img decoding=\"async\" width=\"850\" height=\"850\" src=\"data:image\/svg+xml,%3Csvg%20xmlns%3D&#039;http%3A%2F%2Fwww.w3.org%2F2000%2Fsvg&#039;%20viewBox%3D&#039;0%200%20850%20850&#039;%2F%3E\" class=\"attachment-full size-full preload-me aspect lazy lazy-load\" alt=\"\" sizes=\"(max-width: 850px) 100vw, 850px\" style=\"--ratio: 850 \/ 850;\" data-src=\"https:\/\/elmdokum.com.tr\/wp-content\/uploads\/2026\/01\/JHN.png\" loading=\"eager\" data-srcset=\"https:\/\/elmdokum.com.tr\/wp-content\/uploads\/2026\/01\/JHN.png 850w, https:\/\/elmdokum.com.tr\/wp-content\/uploads\/2026\/01\/JHN-200x200.png 200w, https:\/\/elmdokum.com.tr\/wp-content\/uploads\/2026\/01\/JHN-300x300.png 300w, https:\/\/elmdokum.com.tr\/wp-content\/uploads\/2026\/01\/JHN-150x150.png 150w, https:\/\/elmdokum.com.tr\/wp-content\/uploads\/2026\/01\/JHN-768x768.png 768w\" \/><\/a><\/div><\/div>\t\t\t\t<\/div>\n\t\t\t\t<\/div>\n\t\t\t\t<div class=\"elementor-element elementor-element-f211926 elementor-widget elementor-widget-text-editor\" data-id=\"f211926\" data-element_type=\"widget\" data-e-type=\"widget\" data-widget_type=\"text-editor.default\">\n\t\t\t\t\t\t\t\t\tHorizontal Moulding Machine\t\t\t\t\t\t\t\t<\/div>\n\t\t\t\t<\/div>\n\t\t\t\t\t<\/div>\n\t\t\t\t<\/div>\n\t\t\t\t<\/div>\n\t\t\t\t\t<\/div>\n\t\t\t\t\t<\/div>\n\t\t\t\t\t\t<\/div>\n\t\t\t\t<\/div>\n\t\t\t\t\t<\/div>\n\t\t\t\t<\/div>\n\t\t\t\t<\/div>","protected":false},"excerpt":{"rendered":"<p>Chleading, d\u00f6k\u00fcmhane makineleri alan\u0131nda faaliyet g\u00f6steren ELM D\u00f6k\u00fcm Makinalar\u0131 ile i\u015f birli\u011fi anla\u015fmas\u0131 imzalad\u0131. Bu anla\u015fma kapsam\u0131nda, ELM\u2019nin m\u00fchendislik odakl\u0131 makine \u00e7\u00f6z\u00fcmlerinin farkl\u0131 pazarlarda daha etkin \u015fekilde sunulmas\u0131 ve kar\u015f\u0131l\u0131kl\u0131 teknik i\u015f birliklerinin geli\u015ftirilmesi hedeflenmektedir. Juneng Machinery, d\u00f6k\u00fcmhane makineleri alan\u0131ndaki tecr\u00fcbesini ELM D\u00f6k\u00fcm Makinalar\u0131 ile birle\u015ftiren bir i\u015f birli\u011fine imza att\u0131. Bu kapsamda, teknik kapasitenin&hellip;<\/p>","protected":false},"author":1,"featured_media":37095,"parent":0,"menu_order":20,"comment_status":"closed","ping_status":"closed","template":"","meta":{"_acf_changed":false,"footnotes":""},"class_list":["post-41587","page","type-page","status-publish","has-post-thumbnail","hentry"],"acf":[],"_links":{"self":[{"href":"https:\/\/elmdokum.com.tr\/en\/wp-json\/wp\/v2\/pages\/41587","targetHints":{"allow":["GET"]}}],"collection":[{"href":"https:\/\/elmdokum.com.tr\/en\/wp-json\/wp\/v2\/pages"}],"about":[{"href":"https:\/\/elmdokum.com.tr\/en\/wp-json\/wp\/v2\/types\/page"}],"author":[{"embeddable":true,"href":"https:\/\/elmdokum.com.tr\/en\/wp-json\/wp\/v2\/users\/1"}],"replies":[{"embeddable":true,"href":"https:\/\/elmdokum.com.tr\/en\/wp-json\/wp\/v2\/comments?post=41587"}],"version-history":[{"count":19,"href":"https:\/\/elmdokum.com.tr\/en\/wp-json\/wp\/v2\/pages\/41587\/revisions"}],"predecessor-version":[{"id":41772,"href":"https:\/\/elmdokum.com.tr\/en\/wp-json\/wp\/v2\/pages\/41587\/revisions\/41772"}],"wp:featuredmedia":[{"embeddable":true,"href":"https:\/\/elmdokum.com.tr\/en\/wp-json\/wp\/v2\/media\/37095"}],"wp:attachment":[{"href":"https:\/\/elmdokum.com.tr\/en\/wp-json\/wp\/v2\/media?parent=41587"}],"curies":[{"name":"wp","href":"https:\/\/api.w.org\/{rel}","templated":true}]}}